{"id":4496,"date":"2023-07-04T21:10:55","date_gmt":"2023-07-04T19:10:55","guid":{"rendered":"https:\/\/itachyon.ch\/tachyon-earth-switzerland\/ch\/fr\/?post_type=product&#038;p=4496"},"modified":"2023-12-14T11:53:17","modified_gmt":"2023-12-14T10:53:17","slug":"tachyon-iesg-lecteur-connecte-de-temperature-hr-co2-kco2eqh-empreinte-de-carbone","status":"publish","type":"product","link":"https:\/\/itachyon.ch\/tachyon-earth-switzerland\/ch\/fr\/produit\/tachyon-iesg-lecteur-connecte-de-temperature-hr-co2-kco2eqh-empreinte-de-carbone\/","title":{"rendered":"iESG capteur de temp\u00e9rature, d\u2019humidit\u00e9, CO2 et de l\u2019empreinte carbone de haute pr\u00e9cision"},"content":{"rendered":"<p class=\"entry-title\"><a href=\"https:\/\/itachyon.ch\/tachyon-earth-switzerland\/ch\/fr\/wp-content\/uploads\/2023\/11\/itachyon-iesg-fr-2023-hq.pdf\"><img data-recalc-dims=\"1\" loading=\"lazy\" decoding=\"async\" class=\" wp-image-4512 alignleft\" src=\"https:\/\/i0.wp.com\/itachyon.ch\/tachyon-earth-switzerland\/ch\/fr\/wp-content\/uploads\/2023\/11\/iesg-100.jpg?resize=112%2C150&#038;ssl=1\" alt=\"\" width=\"112\" height=\"150\" srcset=\"https:\/\/i0.wp.com\/itachyon.ch\/tachyon-earth-switzerland\/ch\/fr\/wp-content\/uploads\/2023\/11\/iesg-100.jpg?resize=224%2C300&amp;ssl=1 224w, https:\/\/i0.wp.com\/itachyon.ch\/tachyon-earth-switzerland\/ch\/fr\/wp-content\/uploads\/2023\/11\/iesg-100.jpg?resize=600%2C803&amp;ssl=1 600w, https:\/\/i0.wp.com\/itachyon.ch\/tachyon-earth-switzerland\/ch\/fr\/wp-content\/uploads\/2023\/11\/iesg-100.jpg?w=740&amp;ssl=1 740w\" sizes=\"auto, (max-width: 112px) 100vw, 112px\" \/><\/a>Le bo\u00eetier \u00e9lectronique Tachyon <a href=\"https:\/\/itachyon.ch\/tachyon-earth-switzerland\/ch\/fr\/wp-content\/uploads\/2023\/11\/itachyon-iesg-fr-2023-hq.pdf\"><strong>iESG<\/strong><\/a> est compos\u00e9 d&rsquo;un convertisseur de signal analogique-num\u00e9rique, avec transmission du signal via WiFi, d&rsquo;un syst\u00e8me \u00e9lectronique int\u00e9gr\u00e9 pour lire la Temp\u00e9rature, HR, CO2, kCO2eqh empreinte de carbone (k de CO2 \u00e9quivalent par heure) et de toute la technologie connect\u00e9e Tachyon IoT.<\/p>\r\n<p><\/p>\r\n<p>Fixer dans la zone dont vous souhaitez afficher la Temp\u00e9rature, HR, CO2 et kCO2eqh empreinte de carbone (k de CO2 \u00e9quivalent par heure). Connectez l&rsquo;<strong>iESG<\/strong> \u00e0 une batterie de recharge ou \u00e0 un adaptateur d&rsquo;alimentation USB standard.<\/p><p>Tachyon <strong>iESG <\/strong>se connecte automatiquement au Wi-Fi existant dans les locaux, l&rsquo;enceinte ou au WiFi partag\u00e9 de votre t\u00e9l\u00e9phone.<\/p><p>Une fois connect\u00e9 \u00e0 la page Web d&rsquo;acc\u00e8s aux donn\u00e9es, vous pouvez d\u00e9sormais visualiser en temps r\u00e9el via le navigateur de votre t\u00e9l\u00e9phone, tablette ou ordinateur, la position g\u00e9ographique o\u00f9 se trouve votre <strong>iESG<\/strong> et la Temp\u00e9rature, HR, CO2 et kCO2eqh (empreinte de carbone) de la zone connect\u00e9e et ceci en temps r\u00e9el. Toutes les lectures avec la fr\u00e9quence que vous choisissez sont enregistr\u00e9es et peuvent \u00eatre consult\u00e9es \u00e0 tout moment par vous. Votre fichier permanent de relev\u00e9es \u00e0 votre enti\u00e8re disposition.<\/p>\r\n<p><a href=\"https:\/\/itachyon.ch\/INDUSTRIE40\/IoT\/88\/bd\/data-50.php\"><img data-recalc-dims=\"1\" loading=\"lazy\" decoding=\"async\" class=\"alignnone wp-image-3993\" src=\"https:\/\/i0.wp.com\/itachyon.ch\/tachyon-earth-switzerland\/ch\/fr\/wp-content\/uploads\/2022\/06\/live-demo.png?resize=136%2C38&#038;ssl=1\" alt=\"\" width=\"136\" height=\"38\" srcset=\"https:\/\/i0.wp.com\/itachyon.ch\/tachyon-earth-switzerland\/ch\/fr\/wp-content\/uploads\/2022\/06\/live-demo.png?resize=300%2C84&amp;ssl=1 300w, https:\/\/i0.wp.com\/itachyon.ch\/tachyon-earth-switzerland\/ch\/fr\/wp-content\/uploads\/2022\/06\/live-demo.png?resize=768%2C215&amp;ssl=1 768w, https:\/\/i0.wp.com\/itachyon.ch\/tachyon-earth-switzerland\/ch\/fr\/wp-content\/uploads\/2022\/06\/live-demo.png?resize=600%2C168&amp;ssl=1 600w, https:\/\/i0.wp.com\/itachyon.ch\/tachyon-earth-switzerland\/ch\/fr\/wp-content\/uploads\/2022\/06\/live-demo.png?w=1209&amp;ssl=1 1209w\" sizes=\"auto, (max-width: 136px) 100vw, 136px\" \/><\/a><\/p><p>Vous pouvez \u00e9ventuellement recevoir autant d&rsquo;alarmes et d&rsquo;avertissements en fonction des valeurs que vous souhaitez contr\u00f4ler, Tachyon <strong>iESG<\/strong> vous en informera directement sur votre t\u00e9l\u00e9phone portable ou votre ordinateur.<\/p><p>En option, vous pouvez acheter un logiciel en fran\u00e7ais ou autre langue (FR, EN, DE, ES, IT, CT) personnalis\u00e9 avec votre logo et adapt\u00e9 \u00e0 vos besoins sp\u00e9cifiques pour visualiser la consommation d&rsquo;\u00e9lectricit\u00e9, pouvant r\u00e9unir plusieurs appareils Tachyon <strong>iESG<\/strong> sur un seul \u00e9cran g\u00e9n\u00e9ral.<\/p><p>En option, vous pouvez adapt\u00e9votre <strong>iESG<\/strong> \u00e0 vos besoins sp\u00e9cifiques.<\/p><p>Nous mettons \u00e0 votre disposition une multitude d&rsquo;options et d&rsquo;accessoires, alimentation, accessoire WiFi avec carte SIM GSM ind\u00e9pendante, bo\u00eetiers de protection avec IP s\u00e9v\u00e8re, parmi de nombreuses autres options mat\u00e9rielles et logicielles personnalis\u00e9es.<\/p><p>Tachyon <strong>iESG<\/strong> est un produit IoT avanc\u00e9 con\u00e7u et fabriqu\u00e9 en Suisse par la soci\u00e9t\u00e9 Tachyon SL.<\/p><p>Options disponibles pour Tachyon iESG :<\/p>\r\n<ul>\r\n<li>GPS.<\/li>\r\n<li>GSM<\/li>\r\n<li>SIM<\/li>\r\n<li>Sonde de temp\u00e9rature personnalis\u00e9e jusqu&rsquo;\u00e0 L 500 m.<\/li>\r\n<li>Batterie de haute autonomie.<\/li>\r\n<li>Logiciel personnalis\u00e9.<\/li>\r\n<li>Syst\u00e8mes d&rsquo;alarmes avanc\u00e9es.<\/li>\r\n<li>OEM.<\/li>\r\n<li>LCD multiple.<\/li>\r\n<li>Personnalisation de hardware.<\/li>\r\n<\/ul>","protected":false},"excerpt":{"rendered":"<p><!-- wp:paragraph --><\/p>\n<p>Lecteur connect\u00e9 de CO2, empreinte de carbone, temp\u00e9rature et humidit\u00e9 relative (HR).<br \/>Avec technologie IoT connect\u00e9e (Wifi).<\/p>\n<p>Inclus dans le pack iESG :<\/p>\n<p>1 Bo\u00eetier \u00e9lectronique iESG.<br \/>1 Lecteur \u00e9lectronique connect\u00e9 de Temp\u00e9rature, HR, CO2 et kCO2eqh empreinte de carbone (k de CO2 \u00e9quivalent par heure).<br \/>1 Ann\u00e9e d&rsquo;acc\u00e8s total aux donn\u00e9es captur\u00e9es en ligne pour un utilisateur enregistr\u00e9.<\/p>\n<p><!-- wp:paragraph --><\/p>\n","protected":false},"featured_media":4515,"comment_status":"closed","ping_status":"closed","template":"","meta":[],"product_brand":[],"product_cat":[64,76,93,92,59,60,65],"product_tag":[],"class_list":{"0":"post-4496","1":"product","2":"type-product","3":"status-publish","4":"has-post-thumbnail","6":"product_cat-co2","7":"product_cat-consommation-electrique","8":"product_cat-empreinte-de-carbonne","9":"product_cat-hr","10":"product_cat-magasin","11":"product_cat-tachyon","12":"product_cat-temperature","14":"first","15":"onbackorder","16":"taxable","17":"shipping-taxable","18":"purchasable","19":"product-type-simple"},"yoast_head":"<!-- This site is optimized with the Yoast SEO plugin v24.8.1 - https:\/\/yoast.com\/wordpress\/plugins\/seo\/ -->\n<title>iESG capteur de temp\u00e9rature, d\u2019humidit\u00e9, CO2 et de l\u2019empreinte carbone de haute pr\u00e9cision - Tachyon - consulting - ai - logiciel - hardware - \u00e9lectronique - \u00e9nergie - g\u00e9othermie<\/title>\n<meta name=\"description\" content=\"Le bo\u00eetier \u00e9lectronique Tachyon iESG est compos\u00e9 d&#039;un convertisseur de signal analogique-num\u00e9rique, avec transmission du signal via Wi-Fi, d&#039;un syst\u00e8me \u00e9lectronique int\u00e9gr\u00e9 pour lire la Temp\u00e9rature, HR, CO2, kCO2eqh empreinte de Carbonne (k de CO2 \u00e9quivalent par heure) et de toute la technologie connect\u00e9e Tachyon IoT.\" \/>\n<meta name=\"robots\" content=\"index, follow, max-snippet:-1, max-image-preview:large, max-video-preview:-1\" \/>\n<link rel=\"canonical\" href=\"https:\/\/itachyon.ch\/tachyon-earth-switzerland\/ch\/fr\/produit\/tachyon-iesg-lecteur-connecte-de-temperature-hr-co2-kco2eqh-empreinte-de-carbone\/\" \/>\n<meta property=\"og:locale\" content=\"fr_FR\" \/>\n<meta property=\"og:type\" content=\"article\" \/>\n<meta property=\"og:title\" content=\"iESG capteur de temp\u00e9rature, d\u2019humidit\u00e9, CO2 et de l\u2019empreinte carbone de haute pr\u00e9cision - Tachyon - consulting - ai - logiciel - hardware - \u00e9lectronique - \u00e9nergie - g\u00e9othermie\" \/>\n<meta property=\"og:description\" content=\"Le bo\u00eetier \u00e9lectronique Tachyon iESG est compos\u00e9 d&#039;un convertisseur de signal analogique-num\u00e9rique, avec transmission du signal via Wi-Fi, d&#039;un syst\u00e8me \u00e9lectronique int\u00e9gr\u00e9 pour lire la Temp\u00e9rature, HR, CO2, kCO2eqh empreinte de Carbonne (k de CO2 \u00e9quivalent par heure) et de toute la technologie connect\u00e9e Tachyon IoT.\" \/>\n<meta property=\"og:url\" content=\"https:\/\/itachyon.ch\/tachyon-earth-switzerland\/ch\/fr\/produit\/tachyon-iesg-lecteur-connecte-de-temperature-hr-co2-kco2eqh-empreinte-de-carbone\/\" \/>\n<meta property=\"og:site_name\" content=\"Tachyon - consulting - ai - logiciel - hardware - \u00e9lectronique - \u00e9nergie - g\u00e9othermie\" \/>\n<meta property=\"article:modified_time\" content=\"2023-12-14T10:53:17+00:00\" \/>\n<meta property=\"og:image\" content=\"https:\/\/itachyon.ch\/tachyon-earth-switzerland\/ch\/fr\/wp-content\/uploads\/2023\/07\/xTachyon-iDC-2022-3.jpg\" \/>\n\t<meta property=\"og:image:width\" content=\"500\" \/>\n\t<meta property=\"og:image:height\" content=\"500\" \/>\n\t<meta property=\"og:image:type\" content=\"image\/jpeg\" \/>\n<meta name=\"twitter:card\" content=\"summary_large_image\" \/>\n<meta name=\"twitter:label1\" content=\"Dur\u00e9e de lecture estim\u00e9e\" \/>\n\t<meta name=\"twitter:data1\" content=\"3 minutes\" \/>\n<script type=\"application\/ld+json\" class=\"yoast-schema-graph\">{\"@context\":\"https:\/\/schema.org\",\"@graph\":[{\"@type\":\"WebPage\",\"@id\":\"https:\/\/itachyon.ch\/tachyon-earth-switzerland\/ch\/fr\/produit\/tachyon-iesg-lecteur-connecte-de-temperature-hr-co2-kco2eqh-empreinte-de-carbone\/\",\"url\":\"https:\/\/itachyon.ch\/tachyon-earth-switzerland\/ch\/fr\/produit\/tachyon-iesg-lecteur-connecte-de-temperature-hr-co2-kco2eqh-empreinte-de-carbone\/\",\"name\":\"iESG capteur de temp\u00e9rature, d\u2019humidit\u00e9, CO2 et de l\u2019empreinte carbone de haute pr\u00e9cision - Tachyon - consulting - ai - logiciel - hardware - \u00e9lectronique - \u00e9nergie - g\u00e9othermie\",\"isPartOf\":{\"@id\":\"https:\/\/itachyon.ch\/tachyon-earth-switzerland\/ch\/fr\/#website\"},\"primaryImageOfPage\":{\"@id\":\"https:\/\/itachyon.ch\/tachyon-earth-switzerland\/ch\/fr\/produit\/tachyon-iesg-lecteur-connecte-de-temperature-hr-co2-kco2eqh-empreinte-de-carbone\/#primaryimage\"},\"image\":{\"@id\":\"https:\/\/itachyon.ch\/tachyon-earth-switzerland\/ch\/fr\/produit\/tachyon-iesg-lecteur-connecte-de-temperature-hr-co2-kco2eqh-empreinte-de-carbone\/#primaryimage\"},\"thumbnailUrl\":\"https:\/\/i0.wp.com\/itachyon.ch\/tachyon-earth-switzerland\/ch\/fr\/wp-content\/uploads\/2023\/07\/xTachyon-iDC-2022-3.jpg?fit=500%2C500&ssl=1\",\"datePublished\":\"2023-07-04T19:10:55+00:00\",\"dateModified\":\"2023-12-14T10:53:17+00:00\",\"description\":\"Le bo\u00eetier \u00e9lectronique Tachyon iESG est compos\u00e9 d'un convertisseur de signal analogique-num\u00e9rique, avec transmission du signal via Wi-Fi, d'un syst\u00e8me \u00e9lectronique int\u00e9gr\u00e9 pour lire la Temp\u00e9rature, HR, CO2, kCO2eqh empreinte de Carbonne (k de CO2 \u00e9quivalent par heure) et de toute la technologie connect\u00e9e Tachyon IoT.\",\"breadcrumb\":{\"@id\":\"https:\/\/itachyon.ch\/tachyon-earth-switzerland\/ch\/fr\/produit\/tachyon-iesg-lecteur-connecte-de-temperature-hr-co2-kco2eqh-empreinte-de-carbone\/#breadcrumb\"},\"inLanguage\":\"fr-FR\",\"potentialAction\":[{\"@type\":\"ReadAction\",\"target\":[\"https:\/\/itachyon.ch\/tachyon-earth-switzerland\/ch\/fr\/produit\/tachyon-iesg-lecteur-connecte-de-temperature-hr-co2-kco2eqh-empreinte-de-carbone\/\"]}]},{\"@type\":\"ImageObject\",\"inLanguage\":\"fr-FR\",\"@id\":\"https:\/\/itachyon.ch\/tachyon-earth-switzerland\/ch\/fr\/produit\/tachyon-iesg-lecteur-connecte-de-temperature-hr-co2-kco2eqh-empreinte-de-carbone\/#primaryimage\",\"url\":\"https:\/\/i0.wp.com\/itachyon.ch\/tachyon-earth-switzerland\/ch\/fr\/wp-content\/uploads\/2023\/07\/xTachyon-iDC-2022-3.jpg?fit=500%2C500&ssl=1\",\"contentUrl\":\"https:\/\/i0.wp.com\/itachyon.ch\/tachyon-earth-switzerland\/ch\/fr\/wp-content\/uploads\/2023\/07\/xTachyon-iDC-2022-3.jpg?fit=500%2C500&ssl=1\",\"width\":500,\"height\":500},{\"@type\":\"BreadcrumbList\",\"@id\":\"https:\/\/itachyon.ch\/tachyon-earth-switzerland\/ch\/fr\/produit\/tachyon-iesg-lecteur-connecte-de-temperature-hr-co2-kco2eqh-empreinte-de-carbone\/#breadcrumb\",\"itemListElement\":[{\"@type\":\"ListItem\",\"position\":1,\"name\":\"Accueil\",\"item\":\"https:\/\/itachyon.ch\/tachyon-earth-switzerland\/ch\/fr\/\"},{\"@type\":\"ListItem\",\"position\":2,\"name\":\"iESG capteur de temp\u00e9rature, d\u2019humidit\u00e9, CO2 et de l\u2019empreinte carbone de haute pr\u00e9cision\"}]},{\"@type\":\"WebSite\",\"@id\":\"https:\/\/itachyon.ch\/tachyon-earth-switzerland\/ch\/fr\/#website\",\"url\":\"https:\/\/itachyon.ch\/tachyon-earth-switzerland\/ch\/fr\/\",\"name\":\"Tachyon - consulting - ai - logiciel - hardware - \u00e9lectronique - \u00e9nergie - g\u00e9othermie\",\"description\":\"Physique appliqu\u00e9e\",\"publisher\":{\"@id\":\"https:\/\/itachyon.ch\/tachyon-earth-switzerland\/ch\/fr\/#organization\"},\"potentialAction\":[{\"@type\":\"SearchAction\",\"target\":{\"@type\":\"EntryPoint\",\"urlTemplate\":\"https:\/\/itachyon.ch\/tachyon-earth-switzerland\/ch\/fr\/?s={search_term_string}\"},\"query-input\":{\"@type\":\"PropertyValueSpecification\",\"valueRequired\":true,\"valueName\":\"search_term_string\"}}],\"inLanguage\":\"fr-FR\"},{\"@type\":\"Organization\",\"@id\":\"https:\/\/itachyon.ch\/tachyon-earth-switzerland\/ch\/fr\/#organization\",\"name\":\"Tachyon SL\",\"url\":\"https:\/\/itachyon.ch\/tachyon-earth-switzerland\/ch\/fr\/\",\"logo\":{\"@type\":\"ImageObject\",\"inLanguage\":\"fr-FR\",\"@id\":\"https:\/\/itachyon.ch\/tachyon-earth-switzerland\/ch\/fr\/#\/schema\/logo\/image\/\",\"url\":\"https:\/\/itachyon.ch\/tachyon-earth-switzerland\/ch\/fr\/wp-content\/uploads\/2020\/05\/Tachyon-logo-7-BN.png\",\"contentUrl\":\"https:\/\/itachyon.ch\/tachyon-earth-switzerland\/ch\/fr\/wp-content\/uploads\/2020\/05\/Tachyon-logo-7-BN.png\",\"width\":200,\"height\":326,\"caption\":\"Tachyon SL\"},\"image\":{\"@id\":\"https:\/\/itachyon.ch\/tachyon-earth-switzerland\/ch\/fr\/#\/schema\/logo\/image\/\"}}]}<\/script>\n<!-- \/ Yoast SEO plugin. -->","yoast_head_json":{"title":"iESG capteur de temp\u00e9rature, d\u2019humidit\u00e9, CO2 et de l\u2019empreinte carbone de haute pr\u00e9cision - Tachyon - consulting - ai - logiciel - hardware - \u00e9lectronique - \u00e9nergie - g\u00e9othermie","description":"Le bo\u00eetier \u00e9lectronique Tachyon iESG est compos\u00e9 d'un convertisseur de signal analogique-num\u00e9rique, avec transmission du signal via Wi-Fi, d'un syst\u00e8me \u00e9lectronique int\u00e9gr\u00e9 pour lire la Temp\u00e9rature, HR, CO2, kCO2eqh empreinte de Carbonne (k de CO2 \u00e9quivalent par heure) et de toute la technologie connect\u00e9e Tachyon IoT.","robots":{"index":"index","follow":"follow","max-snippet":"max-snippet:-1","max-image-preview":"max-image-preview:large","max-video-preview":"max-video-preview:-1"},"canonical":"https:\/\/itachyon.ch\/tachyon-earth-switzerland\/ch\/fr\/produit\/tachyon-iesg-lecteur-connecte-de-temperature-hr-co2-kco2eqh-empreinte-de-carbone\/","og_locale":"fr_FR","og_type":"article","og_title":"iESG capteur de temp\u00e9rature, d\u2019humidit\u00e9, CO2 et de l\u2019empreinte carbone de haute pr\u00e9cision - Tachyon - consulting - ai - logiciel - hardware - \u00e9lectronique - \u00e9nergie - g\u00e9othermie","og_description":"Le bo\u00eetier \u00e9lectronique Tachyon iESG est compos\u00e9 d'un convertisseur de signal analogique-num\u00e9rique, avec transmission du signal via Wi-Fi, d'un syst\u00e8me \u00e9lectronique int\u00e9gr\u00e9 pour lire la Temp\u00e9rature, HR, CO2, kCO2eqh empreinte de Carbonne (k de CO2 \u00e9quivalent par heure) et de toute la technologie connect\u00e9e Tachyon IoT.","og_url":"https:\/\/itachyon.ch\/tachyon-earth-switzerland\/ch\/fr\/produit\/tachyon-iesg-lecteur-connecte-de-temperature-hr-co2-kco2eqh-empreinte-de-carbone\/","og_site_name":"Tachyon - consulting - ai - logiciel - hardware - \u00e9lectronique - \u00e9nergie - g\u00e9othermie","article_modified_time":"2023-12-14T10:53:17+00:00","og_image":[{"width":500,"height":500,"url":"https:\/\/itachyon.ch\/tachyon-earth-switzerland\/ch\/fr\/wp-content\/uploads\/2023\/07\/xTachyon-iDC-2022-3.jpg","type":"image\/jpeg"}],"twitter_card":"summary_large_image","twitter_misc":{"Dur\u00e9e de lecture estim\u00e9e":"3 minutes"},"schema":{"@context":"https:\/\/schema.org","@graph":[{"@type":"WebPage","@id":"https:\/\/itachyon.ch\/tachyon-earth-switzerland\/ch\/fr\/produit\/tachyon-iesg-lecteur-connecte-de-temperature-hr-co2-kco2eqh-empreinte-de-carbone\/","url":"https:\/\/itachyon.ch\/tachyon-earth-switzerland\/ch\/fr\/produit\/tachyon-iesg-lecteur-connecte-de-temperature-hr-co2-kco2eqh-empreinte-de-carbone\/","name":"iESG capteur de temp\u00e9rature, d\u2019humidit\u00e9, CO2 et de l\u2019empreinte carbone de haute pr\u00e9cision - Tachyon - consulting - ai - logiciel - hardware - \u00e9lectronique - \u00e9nergie - g\u00e9othermie","isPartOf":{"@id":"https:\/\/itachyon.ch\/tachyon-earth-switzerland\/ch\/fr\/#website"},"primaryImageOfPage":{"@id":"https:\/\/itachyon.ch\/tachyon-earth-switzerland\/ch\/fr\/produit\/tachyon-iesg-lecteur-connecte-de-temperature-hr-co2-kco2eqh-empreinte-de-carbone\/#primaryimage"},"image":{"@id":"https:\/\/itachyon.ch\/tachyon-earth-switzerland\/ch\/fr\/produit\/tachyon-iesg-lecteur-connecte-de-temperature-hr-co2-kco2eqh-empreinte-de-carbone\/#primaryimage"},"thumbnailUrl":"https:\/\/i0.wp.com\/itachyon.ch\/tachyon-earth-switzerland\/ch\/fr\/wp-content\/uploads\/2023\/07\/xTachyon-iDC-2022-3.jpg?fit=500%2C500&ssl=1","datePublished":"2023-07-04T19:10:55+00:00","dateModified":"2023-12-14T10:53:17+00:00","description":"Le bo\u00eetier \u00e9lectronique Tachyon iESG est compos\u00e9 d'un convertisseur de signal analogique-num\u00e9rique, avec transmission du signal via Wi-Fi, d'un syst\u00e8me \u00e9lectronique int\u00e9gr\u00e9 pour lire la Temp\u00e9rature, HR, CO2, kCO2eqh empreinte de Carbonne (k de CO2 \u00e9quivalent par heure) et de toute la technologie connect\u00e9e Tachyon IoT.","breadcrumb":{"@id":"https:\/\/itachyon.ch\/tachyon-earth-switzerland\/ch\/fr\/produit\/tachyon-iesg-lecteur-connecte-de-temperature-hr-co2-kco2eqh-empreinte-de-carbone\/#breadcrumb"},"inLanguage":"fr-FR","potentialAction":[{"@type":"ReadAction","target":["https:\/\/itachyon.ch\/tachyon-earth-switzerland\/ch\/fr\/produit\/tachyon-iesg-lecteur-connecte-de-temperature-hr-co2-kco2eqh-empreinte-de-carbone\/"]}]},{"@type":"ImageObject","inLanguage":"fr-FR","@id":"https:\/\/itachyon.ch\/tachyon-earth-switzerland\/ch\/fr\/produit\/tachyon-iesg-lecteur-connecte-de-temperature-hr-co2-kco2eqh-empreinte-de-carbone\/#primaryimage","url":"https:\/\/i0.wp.com\/itachyon.ch\/tachyon-earth-switzerland\/ch\/fr\/wp-content\/uploads\/2023\/07\/xTachyon-iDC-2022-3.jpg?fit=500%2C500&ssl=1","contentUrl":"https:\/\/i0.wp.com\/itachyon.ch\/tachyon-earth-switzerland\/ch\/fr\/wp-content\/uploads\/2023\/07\/xTachyon-iDC-2022-3.jpg?fit=500%2C500&ssl=1","width":500,"height":500},{"@type":"BreadcrumbList","@id":"https:\/\/itachyon.ch\/tachyon-earth-switzerland\/ch\/fr\/produit\/tachyon-iesg-lecteur-connecte-de-temperature-hr-co2-kco2eqh-empreinte-de-carbone\/#breadcrumb","itemListElement":[{"@type":"ListItem","position":1,"name":"Accueil","item":"https:\/\/itachyon.ch\/tachyon-earth-switzerland\/ch\/fr\/"},{"@type":"ListItem","position":2,"name":"iESG capteur de temp\u00e9rature, d\u2019humidit\u00e9, CO2 et de l\u2019empreinte carbone de haute pr\u00e9cision"}]},{"@type":"WebSite","@id":"https:\/\/itachyon.ch\/tachyon-earth-switzerland\/ch\/fr\/#website","url":"https:\/\/itachyon.ch\/tachyon-earth-switzerland\/ch\/fr\/","name":"Tachyon - consulting - ai - logiciel - hardware - \u00e9lectronique - \u00e9nergie - g\u00e9othermie","description":"Physique appliqu\u00e9e","publisher":{"@id":"https:\/\/itachyon.ch\/tachyon-earth-switzerland\/ch\/fr\/#organization"},"potentialAction":[{"@type":"SearchAction","target":{"@type":"EntryPoint","urlTemplate":"https:\/\/itachyon.ch\/tachyon-earth-switzerland\/ch\/fr\/?s={search_term_string}"},"query-input":{"@type":"PropertyValueSpecification","valueRequired":true,"valueName":"search_term_string"}}],"inLanguage":"fr-FR"},{"@type":"Organization","@id":"https:\/\/itachyon.ch\/tachyon-earth-switzerland\/ch\/fr\/#organization","name":"Tachyon SL","url":"https:\/\/itachyon.ch\/tachyon-earth-switzerland\/ch\/fr\/","logo":{"@type":"ImageObject","inLanguage":"fr-FR","@id":"https:\/\/itachyon.ch\/tachyon-earth-switzerland\/ch\/fr\/#\/schema\/logo\/image\/","url":"https:\/\/itachyon.ch\/tachyon-earth-switzerland\/ch\/fr\/wp-content\/uploads\/2020\/05\/Tachyon-logo-7-BN.png","contentUrl":"https:\/\/itachyon.ch\/tachyon-earth-switzerland\/ch\/fr\/wp-content\/uploads\/2020\/05\/Tachyon-logo-7-BN.png","width":200,"height":326,"caption":"Tachyon SL"},"image":{"@id":"https:\/\/itachyon.ch\/tachyon-earth-switzerland\/ch\/fr\/#\/schema\/logo\/image\/"}}]}},"jetpack-related-posts":[],"jetpack_sharing_enabled":true,"_links":{"self":[{"href":"https:\/\/itachyon.ch\/tachyon-earth-switzerland\/ch\/fr\/wp-json\/wp\/v2\/product\/4496","targetHints":{"allow":["GET"]}}],"collection":[{"href":"https:\/\/itachyon.ch\/tachyon-earth-switzerland\/ch\/fr\/wp-json\/wp\/v2\/product"}],"about":[{"href":"https:\/\/itachyon.ch\/tachyon-earth-switzerland\/ch\/fr\/wp-json\/wp\/v2\/types\/product"}],"replies":[{"embeddable":true,"href":"https:\/\/itachyon.ch\/tachyon-earth-switzerland\/ch\/fr\/wp-json\/wp\/v2\/comments?post=4496"}],"wp:featuredmedia":[{"embeddable":true,"href":"https:\/\/itachyon.ch\/tachyon-earth-switzerland\/ch\/fr\/wp-json\/wp\/v2\/media\/4515"}],"wp:attachment":[{"href":"https:\/\/itachyon.ch\/tachyon-earth-switzerland\/ch\/fr\/wp-json\/wp\/v2\/media?parent=4496"}],"wp:term":[{"taxonomy":"product_brand","embeddable":true,"href":"https:\/\/itachyon.ch\/tachyon-earth-switzerland\/ch\/fr\/wp-json\/wp\/v2\/product_brand?post=4496"},{"taxonomy":"product_cat","embeddable":true,"href":"https:\/\/itachyon.ch\/tachyon-earth-switzerland\/ch\/fr\/wp-json\/wp\/v2\/product_cat?post=4496"},{"taxonomy":"product_tag","embeddable":true,"href":"https:\/\/itachyon.ch\/tachyon-earth-switzerland\/ch\/fr\/wp-json\/wp\/v2\/product_tag?post=4496"}],"curies":[{"name":"wp","href":"https:\/\/api.w.org\/{rel}","templated":true}]}}