{"id":3773,"date":"2022-02-23T08:51:44","date_gmt":"2022-02-23T07:51:44","guid":{"rendered":"https:\/\/itachyon.ch\/tachyon-earth-switzerland\/ch\/fr\/?post_type=product&#038;p=3773"},"modified":"2022-11-08T08:39:27","modified_gmt":"2022-11-08T07:39:27","slug":"tachyon-ifiresecurity-prevoit-incendie-electrique-detecteur-de-surchauffe-electrique-en-temps-reel","status":"publish","type":"product","link":"https:\/\/itachyon.ch\/tachyon-earth-switzerland\/ch\/fr\/produit\/tachyon-ifiresecurity-prevoit-incendie-electrique-detecteur-de-surchauffe-electrique-en-temps-reel\/","title":{"rendered":"iFireSecurity \u00e9vite incendie \u00e9lectrique, d\u00e9tecteur de surchauffe \u00e9lectrique en temps r\u00e9el"},"content":{"rendered":"<p><a href=\"https:\/\/itachyon.ch\/pdf\/brochure\/tachyon-ifiresecurity-v1-sq.pdf\"><img data-recalc-dims=\"1\" loading=\"lazy\" decoding=\"async\" class=\"alignleft size-medium wp-image-3775\" src=\"https:\/\/i0.wp.com\/itachyon.ch\/tachyon-earth-switzerland\/ch\/fr\/wp-content\/uploads\/2022\/02\/tachyon-iFireSecurity-0.jpeg?resize=224%2C300&#038;ssl=1\" alt=\"\" width=\"224\" height=\"300\" srcset=\"https:\/\/i0.wp.com\/itachyon.ch\/tachyon-earth-switzerland\/ch\/fr\/wp-content\/uploads\/2022\/02\/tachyon-iFireSecurity-0.jpeg?resize=224%2C300&amp;ssl=1 224w, https:\/\/i0.wp.com\/itachyon.ch\/tachyon-earth-switzerland\/ch\/fr\/wp-content\/uploads\/2022\/02\/tachyon-iFireSecurity-0.jpeg?resize=600%2C803&amp;ssl=1 600w, https:\/\/i0.wp.com\/itachyon.ch\/tachyon-earth-switzerland\/ch\/fr\/wp-content\/uploads\/2022\/02\/tachyon-iFireSecurity-0.jpeg?w=740&amp;ssl=1 740w\" sizes=\"auto, (max-width: 224px) 100vw, 224px\" \/><\/a> iFireSecurity s\u00e9curit\u00e9 connect\u00e9e, lutte contre le feu !<\/p>\n<p>Vous avez d\u00e9j\u00e0 exp\u00e9riment\u00e9 une alarme feu ou incendie, pendant que vous \u00e9tiez chez vous ou en vacances ? iFireSecurity permet de surveiller la temp\u00e9rature de votre armoire \u00e9lectrique \u00e0 distance.<\/p>\n<p>On n\u2019est jamais \u00e0 l\u2019abri d\u2019un feu ou incendie \u00e9lectrique, que ce soit \u00e0 cause d\u2019une surcharge \u00e9lectrique, d\u2019un probl\u00e8me de r\u00e9seau local ou d\u2019un orage violent. C\u2019est l\u00e0 que iFireSecurity s\u2019av\u00e8re tr\u00e8s utile.<\/p>\n<p>iFireSecurity c\u2019est quoi ?<\/p>\n<p>La maison connect\u00e9e, \u00e7a vous dit quelque chose ? Et bien iFireSecurity, c\u2019est un service qui permet d\u2019\u00eatre alert\u00e9 et de r\u00e9agir en cas de feu ou incendie \u00e9lectrique quand on est ou pas chez soi. Ce syst\u00e8me d\u2019alerte nous pr\u00e9vient sur notre smartphone en cas d\u2019augmentation de la temp\u00e9rature \u00e0 l\u2019int\u00e9rieur de l\u2019armoire \u00e9lectrique g\u00e9n\u00e9rale de notre domicile, afin qu\u2019on puisse r\u00e9agir rapidement. Et \u00e9viter les mauvaises surprises. Bon, on aime les nouvelles technologies, mais il ne faut pas que \u00e7a soit trop compliqu\u00e9 \u00e0 mettre en place non plus. Et l\u00e0, en l\u2019occurrence, iFireSecurity est un bo\u00eetier \u00e9lectronique hyper simple ! Il suffit de l\u2019installer dans son tableau \u00e9lectrique et de le relier \u00e0 votre wifi. Et hop ! on est alert\u00e9 au moindre probl\u00e8me de r\u00e9chauffement de notre armoire \u00e9lectrique. Si on est absent, iFireSecurity alerte le voisin. C\u2019est s\u00fbr, la prochaine fois qu\u2019on partira, ce sera l\u2019esprit plus tranquille !<\/p>\n<p>Comment \u00e7a marche ?<\/p>\n<p>Connecter le bo\u00eetier iFireSecurity install\u00e9 \u00e0 l\u2019int\u00e9rieur de votre tableau \u00e9lectrique, \u00e7a, \u00e7a n\u2019est vraiment pas compliqu\u00e9. Par contre, \u00e0 savoir avant, ce syst\u00e8me d\u2019alerte feu ou incendie passe par votre r\u00e9seau wifi, dont il faut v\u00e9rifier la couverture de votre wifi \u00e0 l\u2019emplacement du tableau \u00e9lectrique. En cas d\u2019augmentation de la temp\u00e9rature \u00e0 l\u2019int\u00e9rieur de votre armoire \u00e9lectrique, iFireSecurity d\u00e9clenchera l\u2019alerte sur votre smartphone.<\/p>\n<p>Vous \u00eates convaincus ?<\/p>\n<p>Si comme nous, vous avez d\u00e9j\u00e0 exp\u00e9riment\u00e9 une alarme feu ou incendie, vous serez certainement convaincus, comme on l\u2019a \u00e9t\u00e9, de l\u2019utilit\u00e9 de notre syst\u00e8me d\u2019alerte feu ou incendie iFireSecurity.<\/p>\n<p>Alors, convaincus ou pas ? Et si vous connaissiez, n\u2019h\u00e9sitez pas \u00e0 nous faire part de vos remarques !<\/p>\n<p>iFireSecurity d\u00e9velopp\u00e9, fabriqu\u00e9 et distribu\u00e9 par TACHYON SL, Swiss Made.<\/p>\n<p>&nbsp;<\/p>\n","protected":false},"excerpt":{"rendered":"<p>FireSecurity est un bo\u00eetier \u00e9lectronique connect\u00e9 en temps r\u00e9el \u00e0 Internet, dot\u00e9 d&rsquo;IA (intelligence artificielle) il pr\u00e9voit les surchauffes \u00e9lectriques \u00e0 l&rsquo;int\u00e9rieur de notre armoire \u00e9lectrique et au cas o\u00f9 il d\u00e9tecterait une anomalie, il nous alerte avant m\u00eame qu&rsquo;il ne se produit l&rsquo;incendie \u00e9lectrique, aussi bien quand on est ou pas chez soi.<\/p>\n<p>Ce syst\u00e8me connect\u00e9 d\u2019alerte pr\u00e9dictive, maintient \u00e0 tout moment sous vigilance et analyse, le fonctionnement de notre armoire \u00e9lectrique, et il nous pr\u00e9vient activement sur notre smartphone au cas o\u00f9 une anomalie de fonctionnement soit d\u00e9tect\u00e9e \u00e0 l\u2019int\u00e9rieur de l&rsquo;armoire \u00e9lectrique de notre domicile, local ou fabrique, afin que l\u2019on puisse r\u00e9agir rapidement, avant que l&rsquo;incendie se produit.<\/p>\n<p>iFireSecurity inclut 12 mois d&rsquo;acc\u00e8s au logiciel standard en ligne. En option, il est possible, par moyen d&rsquo;un abonnement mensuel, de personnaliser le logiciel en ligne et de programmer des alarmes personnalis\u00e9es et additionnelles, pour vous y abonner svp, veuillez nous <a href=\"https:\/\/itachyon.ch\/tachyon-earth-switzerland\/ch\/fr\/contacto\/\">contacter<\/a>, merci.<\/p>\n","protected":false},"featured_media":3774,"comment_status":"closed","ping_status":"closed","template":"","meta":[],"product_brand":[],"product_cat":[59,68,60],"product_tag":[],"class_list":{"0":"post-3773","1":"product","2":"type-product","3":"status-publish","4":"has-post-thumbnail","6":"product_cat-magasin","7":"product_cat-protection-incendie","8":"product_cat-tachyon","10":"first","11":"onbackorder","12":"taxable","13":"shipping-taxable","14":"purchasable","15":"product-type-simple"},"yoast_head":"<!-- This site is optimized with the Yoast SEO plugin v24.8.1 - https:\/\/yoast.com\/wordpress\/plugins\/seo\/ -->\n<title>iFireSecurity \u00e9vite incendie \u00e9lectrique, d\u00e9tecteur de surchauffe \u00e9lectrique en temps r\u00e9el - Tachyon - consulting - ai - logiciel - hardware - \u00e9lectronique - \u00e9nergie - g\u00e9othermie<\/title>\n<meta name=\"description\" content=\"FireSecurity est un bo\u00eetier \u00e9lectronique connect\u00e9 en temps r\u00e9el \u00e0 Internet, dot\u00e9 d&#039;IA (intelligence artificielle) il pr\u00e9voit les surchauffes \u00e9lectriques \u00e0 l&#039;int\u00e9rieur de notre armoire \u00e9lectrique et au cas o\u00f9 il d\u00e9tecterait une anomalie, il nous alerte avant m\u00eame qu&#039;il ne se produit l&#039;incendie \u00e9lectrique, aussi bien quand on est ou pas chez soi.Ce syst\u00e8me d\u2019alerte pr\u00e9dictive nous pr\u00e9vient activement sur notre smartphone en cas d&#039;une anomalie de fonctionnement d\u00e9tect\u00e9e \u00e0 l\u2019int\u00e9rieur de l&#039;armoire \u00e9lectrique g\u00e9n\u00e9rale de notre domicile, local ou fabrique, afin qu\u2019on puisse r\u00e9agir rapidement avant m\u00eame que l&#039;incendie se produit.\" \/>\n<meta name=\"robots\" content=\"index, follow, max-snippet:-1, max-image-preview:large, max-video-preview:-1\" \/>\n<link rel=\"canonical\" href=\"https:\/\/itachyon.ch\/tachyon-earth-switzerland\/ch\/fr\/produit\/tachyon-ifiresecurity-prevoit-incendie-electrique-detecteur-de-surchauffe-electrique-en-temps-reel\/\" \/>\n<meta property=\"og:locale\" content=\"fr_FR\" \/>\n<meta property=\"og:type\" content=\"article\" \/>\n<meta property=\"og:title\" content=\"iFireSecurity \u00e9vite incendie \u00e9lectrique, d\u00e9tecteur de surchauffe \u00e9lectrique en temps r\u00e9el - Tachyon - consulting - ai - logiciel - hardware - \u00e9lectronique - \u00e9nergie - g\u00e9othermie\" \/>\n<meta property=\"og:description\" content=\"FireSecurity est un bo\u00eetier \u00e9lectronique connect\u00e9 en temps r\u00e9el \u00e0 Internet, dot\u00e9 d&#039;IA (intelligence artificielle) il pr\u00e9voit les surchauffes \u00e9lectriques \u00e0 l&#039;int\u00e9rieur de notre armoire \u00e9lectrique et au cas o\u00f9 il d\u00e9tecterait une anomalie, il nous alerte avant m\u00eame qu&#039;il ne se produit l&#039;incendie \u00e9lectrique, aussi bien quand on est ou pas chez soi.Ce syst\u00e8me d\u2019alerte pr\u00e9dictive nous pr\u00e9vient activement sur notre smartphone en cas d&#039;une anomalie de fonctionnement d\u00e9tect\u00e9e \u00e0 l\u2019int\u00e9rieur de l&#039;armoire \u00e9lectrique g\u00e9n\u00e9rale de notre domicile, local ou fabrique, afin qu\u2019on puisse r\u00e9agir rapidement avant m\u00eame que l&#039;incendie se produit.\" \/>\n<meta property=\"og:url\" content=\"https:\/\/itachyon.ch\/tachyon-earth-switzerland\/ch\/fr\/produit\/tachyon-ifiresecurity-prevoit-incendie-electrique-detecteur-de-surchauffe-electrique-en-temps-reel\/\" \/>\n<meta property=\"og:site_name\" content=\"Tachyon - consulting - ai - logiciel - hardware - \u00e9lectronique - \u00e9nergie - g\u00e9othermie\" \/>\n<meta property=\"article:modified_time\" content=\"2022-11-08T07:39:27+00:00\" \/>\n<meta property=\"og:image\" content=\"https:\/\/itachyon.ch\/tachyon-earth-switzerland\/ch\/fr\/wp-content\/uploads\/2022\/02\/tachyon-iFireSecurity-1.jpeg\" \/>\n\t<meta property=\"og:image:width\" content=\"2220\" \/>\n\t<meta property=\"og:image:height\" content=\"2220\" \/>\n\t<meta property=\"og:image:type\" content=\"image\/jpeg\" \/>\n<meta name=\"twitter:card\" content=\"summary_large_image\" \/>\n<meta name=\"twitter:label1\" content=\"Dur\u00e9e de lecture estim\u00e9e\" \/>\n\t<meta name=\"twitter:data1\" content=\"3 minutes\" \/>\n<script type=\"application\/ld+json\" class=\"yoast-schema-graph\">{\"@context\":\"https:\/\/schema.org\",\"@graph\":[{\"@type\":\"WebPage\",\"@id\":\"https:\/\/itachyon.ch\/tachyon-earth-switzerland\/ch\/fr\/produit\/tachyon-ifiresecurity-prevoit-incendie-electrique-detecteur-de-surchauffe-electrique-en-temps-reel\/\",\"url\":\"https:\/\/itachyon.ch\/tachyon-earth-switzerland\/ch\/fr\/produit\/tachyon-ifiresecurity-prevoit-incendie-electrique-detecteur-de-surchauffe-electrique-en-temps-reel\/\",\"name\":\"iFireSecurity \u00e9vite incendie \u00e9lectrique, d\u00e9tecteur de surchauffe \u00e9lectrique en temps r\u00e9el - Tachyon - consulting - ai - logiciel - hardware - \u00e9lectronique - \u00e9nergie - g\u00e9othermie\",\"isPartOf\":{\"@id\":\"https:\/\/itachyon.ch\/tachyon-earth-switzerland\/ch\/fr\/#website\"},\"primaryImageOfPage\":{\"@id\":\"https:\/\/itachyon.ch\/tachyon-earth-switzerland\/ch\/fr\/produit\/tachyon-ifiresecurity-prevoit-incendie-electrique-detecteur-de-surchauffe-electrique-en-temps-reel\/#primaryimage\"},\"image\":{\"@id\":\"https:\/\/itachyon.ch\/tachyon-earth-switzerland\/ch\/fr\/produit\/tachyon-ifiresecurity-prevoit-incendie-electrique-detecteur-de-surchauffe-electrique-en-temps-reel\/#primaryimage\"},\"thumbnailUrl\":\"https:\/\/i0.wp.com\/itachyon.ch\/tachyon-earth-switzerland\/ch\/fr\/wp-content\/uploads\/2022\/02\/tachyon-iFireSecurity-1.jpeg?fit=2220%2C2220&ssl=1\",\"datePublished\":\"2022-02-23T07:51:44+00:00\",\"dateModified\":\"2022-11-08T07:39:27+00:00\",\"description\":\"FireSecurity est un bo\u00eetier \u00e9lectronique connect\u00e9 en temps r\u00e9el \u00e0 Internet, dot\u00e9 d'IA (intelligence artificielle) il pr\u00e9voit les surchauffes \u00e9lectriques \u00e0 l'int\u00e9rieur de notre armoire \u00e9lectrique et au cas o\u00f9 il d\u00e9tecterait une anomalie, il nous alerte avant m\u00eame qu'il ne se produit l'incendie \u00e9lectrique, aussi bien quand on est ou pas chez soi.Ce syst\u00e8me d\u2019alerte pr\u00e9dictive nous pr\u00e9vient activement sur notre smartphone en cas d'une anomalie de fonctionnement d\u00e9tect\u00e9e \u00e0 l\u2019int\u00e9rieur de l'armoire \u00e9lectrique g\u00e9n\u00e9rale de notre domicile, local ou fabrique, afin qu\u2019on puisse r\u00e9agir rapidement avant m\u00eame que l'incendie se produit.\",\"breadcrumb\":{\"@id\":\"https:\/\/itachyon.ch\/tachyon-earth-switzerland\/ch\/fr\/produit\/tachyon-ifiresecurity-prevoit-incendie-electrique-detecteur-de-surchauffe-electrique-en-temps-reel\/#breadcrumb\"},\"inLanguage\":\"fr-FR\",\"potentialAction\":[{\"@type\":\"ReadAction\",\"target\":[\"https:\/\/itachyon.ch\/tachyon-earth-switzerland\/ch\/fr\/produit\/tachyon-ifiresecurity-prevoit-incendie-electrique-detecteur-de-surchauffe-electrique-en-temps-reel\/\"]}]},{\"@type\":\"ImageObject\",\"inLanguage\":\"fr-FR\",\"@id\":\"https:\/\/itachyon.ch\/tachyon-earth-switzerland\/ch\/fr\/produit\/tachyon-ifiresecurity-prevoit-incendie-electrique-detecteur-de-surchauffe-electrique-en-temps-reel\/#primaryimage\",\"url\":\"https:\/\/i0.wp.com\/itachyon.ch\/tachyon-earth-switzerland\/ch\/fr\/wp-content\/uploads\/2022\/02\/tachyon-iFireSecurity-1.jpeg?fit=2220%2C2220&ssl=1\",\"contentUrl\":\"https:\/\/i0.wp.com\/itachyon.ch\/tachyon-earth-switzerland\/ch\/fr\/wp-content\/uploads\/2022\/02\/tachyon-iFireSecurity-1.jpeg?fit=2220%2C2220&ssl=1\",\"width\":2220,\"height\":2220},{\"@type\":\"BreadcrumbList\",\"@id\":\"https:\/\/itachyon.ch\/tachyon-earth-switzerland\/ch\/fr\/produit\/tachyon-ifiresecurity-prevoit-incendie-electrique-detecteur-de-surchauffe-electrique-en-temps-reel\/#breadcrumb\",\"itemListElement\":[{\"@type\":\"ListItem\",\"position\":1,\"name\":\"Accueil\",\"item\":\"https:\/\/itachyon.ch\/tachyon-earth-switzerland\/ch\/fr\/\"},{\"@type\":\"ListItem\",\"position\":2,\"name\":\"iFireSecurity \u00e9vite incendie \u00e9lectrique, d\u00e9tecteur de surchauffe \u00e9lectrique en temps r\u00e9el\"}]},{\"@type\":\"WebSite\",\"@id\":\"https:\/\/itachyon.ch\/tachyon-earth-switzerland\/ch\/fr\/#website\",\"url\":\"https:\/\/itachyon.ch\/tachyon-earth-switzerland\/ch\/fr\/\",\"name\":\"Tachyon - consulting - ai - logiciel - hardware - \u00e9lectronique - \u00e9nergie - g\u00e9othermie\",\"description\":\"Physique appliqu\u00e9e\",\"publisher\":{\"@id\":\"https:\/\/itachyon.ch\/tachyon-earth-switzerland\/ch\/fr\/#organization\"},\"potentialAction\":[{\"@type\":\"SearchAction\",\"target\":{\"@type\":\"EntryPoint\",\"urlTemplate\":\"https:\/\/itachyon.ch\/tachyon-earth-switzerland\/ch\/fr\/?s={search_term_string}\"},\"query-input\":{\"@type\":\"PropertyValueSpecification\",\"valueRequired\":true,\"valueName\":\"search_term_string\"}}],\"inLanguage\":\"fr-FR\"},{\"@type\":\"Organization\",\"@id\":\"https:\/\/itachyon.ch\/tachyon-earth-switzerland\/ch\/fr\/#organization\",\"name\":\"Tachyon SL\",\"url\":\"https:\/\/itachyon.ch\/tachyon-earth-switzerland\/ch\/fr\/\",\"logo\":{\"@type\":\"ImageObject\",\"inLanguage\":\"fr-FR\",\"@id\":\"https:\/\/itachyon.ch\/tachyon-earth-switzerland\/ch\/fr\/#\/schema\/logo\/image\/\",\"url\":\"https:\/\/itachyon.ch\/tachyon-earth-switzerland\/ch\/fr\/wp-content\/uploads\/2020\/05\/Tachyon-logo-7-BN.png\",\"contentUrl\":\"https:\/\/itachyon.ch\/tachyon-earth-switzerland\/ch\/fr\/wp-content\/uploads\/2020\/05\/Tachyon-logo-7-BN.png\",\"width\":200,\"height\":326,\"caption\":\"Tachyon SL\"},\"image\":{\"@id\":\"https:\/\/itachyon.ch\/tachyon-earth-switzerland\/ch\/fr\/#\/schema\/logo\/image\/\"}}]}<\/script>\n<!-- \/ Yoast SEO plugin. -->","yoast_head_json":{"title":"iFireSecurity \u00e9vite incendie \u00e9lectrique, d\u00e9tecteur de surchauffe \u00e9lectrique en temps r\u00e9el - Tachyon - consulting - ai - logiciel - hardware - \u00e9lectronique - \u00e9nergie - g\u00e9othermie","description":"FireSecurity est un bo\u00eetier \u00e9lectronique connect\u00e9 en temps r\u00e9el \u00e0 Internet, dot\u00e9 d'IA (intelligence artificielle) il pr\u00e9voit les surchauffes \u00e9lectriques \u00e0 l'int\u00e9rieur de notre armoire \u00e9lectrique et au cas o\u00f9 il d\u00e9tecterait une anomalie, il nous alerte avant m\u00eame qu'il ne se produit l'incendie \u00e9lectrique, aussi bien quand on est ou pas chez soi.Ce syst\u00e8me d\u2019alerte pr\u00e9dictive nous pr\u00e9vient activement sur notre smartphone en cas d'une anomalie de fonctionnement d\u00e9tect\u00e9e \u00e0 l\u2019int\u00e9rieur de l'armoire \u00e9lectrique g\u00e9n\u00e9rale de notre domicile, local ou fabrique, afin qu\u2019on puisse r\u00e9agir rapidement avant m\u00eame que l'incendie se produit.","robots":{"index":"index","follow":"follow","max-snippet":"max-snippet:-1","max-image-preview":"max-image-preview:large","max-video-preview":"max-video-preview:-1"},"canonical":"https:\/\/itachyon.ch\/tachyon-earth-switzerland\/ch\/fr\/produit\/tachyon-ifiresecurity-prevoit-incendie-electrique-detecteur-de-surchauffe-electrique-en-temps-reel\/","og_locale":"fr_FR","og_type":"article","og_title":"iFireSecurity \u00e9vite incendie \u00e9lectrique, d\u00e9tecteur de surchauffe \u00e9lectrique en temps r\u00e9el - Tachyon - consulting - ai - logiciel - hardware - \u00e9lectronique - \u00e9nergie - g\u00e9othermie","og_description":"FireSecurity est un bo\u00eetier \u00e9lectronique connect\u00e9 en temps r\u00e9el \u00e0 Internet, dot\u00e9 d'IA (intelligence artificielle) il pr\u00e9voit les surchauffes \u00e9lectriques \u00e0 l'int\u00e9rieur de notre armoire \u00e9lectrique et au cas o\u00f9 il d\u00e9tecterait une anomalie, il nous alerte avant m\u00eame qu'il ne se produit l'incendie \u00e9lectrique, aussi bien quand on est ou pas chez soi.Ce syst\u00e8me d\u2019alerte pr\u00e9dictive nous pr\u00e9vient activement sur notre smartphone en cas d'une anomalie de fonctionnement d\u00e9tect\u00e9e \u00e0 l\u2019int\u00e9rieur de l'armoire \u00e9lectrique g\u00e9n\u00e9rale de notre domicile, local ou fabrique, afin qu\u2019on puisse r\u00e9agir rapidement avant m\u00eame que l'incendie se produit.","og_url":"https:\/\/itachyon.ch\/tachyon-earth-switzerland\/ch\/fr\/produit\/tachyon-ifiresecurity-prevoit-incendie-electrique-detecteur-de-surchauffe-electrique-en-temps-reel\/","og_site_name":"Tachyon - consulting - ai - logiciel - hardware - \u00e9lectronique - \u00e9nergie - g\u00e9othermie","article_modified_time":"2022-11-08T07:39:27+00:00","og_image":[{"width":2220,"height":2220,"url":"https:\/\/itachyon.ch\/tachyon-earth-switzerland\/ch\/fr\/wp-content\/uploads\/2022\/02\/tachyon-iFireSecurity-1.jpeg","type":"image\/jpeg"}],"twitter_card":"summary_large_image","twitter_misc":{"Dur\u00e9e de lecture estim\u00e9e":"3 minutes"},"schema":{"@context":"https:\/\/schema.org","@graph":[{"@type":"WebPage","@id":"https:\/\/itachyon.ch\/tachyon-earth-switzerland\/ch\/fr\/produit\/tachyon-ifiresecurity-prevoit-incendie-electrique-detecteur-de-surchauffe-electrique-en-temps-reel\/","url":"https:\/\/itachyon.ch\/tachyon-earth-switzerland\/ch\/fr\/produit\/tachyon-ifiresecurity-prevoit-incendie-electrique-detecteur-de-surchauffe-electrique-en-temps-reel\/","name":"iFireSecurity \u00e9vite incendie \u00e9lectrique, d\u00e9tecteur de surchauffe \u00e9lectrique en temps r\u00e9el - Tachyon - consulting - ai - logiciel - hardware - \u00e9lectronique - \u00e9nergie - g\u00e9othermie","isPartOf":{"@id":"https:\/\/itachyon.ch\/tachyon-earth-switzerland\/ch\/fr\/#website"},"primaryImageOfPage":{"@id":"https:\/\/itachyon.ch\/tachyon-earth-switzerland\/ch\/fr\/produit\/tachyon-ifiresecurity-prevoit-incendie-electrique-detecteur-de-surchauffe-electrique-en-temps-reel\/#primaryimage"},"image":{"@id":"https:\/\/itachyon.ch\/tachyon-earth-switzerland\/ch\/fr\/produit\/tachyon-ifiresecurity-prevoit-incendie-electrique-detecteur-de-surchauffe-electrique-en-temps-reel\/#primaryimage"},"thumbnailUrl":"https:\/\/i0.wp.com\/itachyon.ch\/tachyon-earth-switzerland\/ch\/fr\/wp-content\/uploads\/2022\/02\/tachyon-iFireSecurity-1.jpeg?fit=2220%2C2220&ssl=1","datePublished":"2022-02-23T07:51:44+00:00","dateModified":"2022-11-08T07:39:27+00:00","description":"FireSecurity est un bo\u00eetier \u00e9lectronique connect\u00e9 en temps r\u00e9el \u00e0 Internet, dot\u00e9 d'IA (intelligence artificielle) il pr\u00e9voit les surchauffes \u00e9lectriques \u00e0 l'int\u00e9rieur de notre armoire \u00e9lectrique et au cas o\u00f9 il d\u00e9tecterait une anomalie, il nous alerte avant m\u00eame qu'il ne se produit l'incendie \u00e9lectrique, aussi bien quand on est ou pas chez soi.Ce syst\u00e8me d\u2019alerte pr\u00e9dictive nous pr\u00e9vient activement sur notre smartphone en cas d'une anomalie de fonctionnement d\u00e9tect\u00e9e \u00e0 l\u2019int\u00e9rieur de l'armoire \u00e9lectrique g\u00e9n\u00e9rale de notre domicile, local ou fabrique, afin qu\u2019on puisse r\u00e9agir rapidement avant m\u00eame que l'incendie se produit.","breadcrumb":{"@id":"https:\/\/itachyon.ch\/tachyon-earth-switzerland\/ch\/fr\/produit\/tachyon-ifiresecurity-prevoit-incendie-electrique-detecteur-de-surchauffe-electrique-en-temps-reel\/#breadcrumb"},"inLanguage":"fr-FR","potentialAction":[{"@type":"ReadAction","target":["https:\/\/itachyon.ch\/tachyon-earth-switzerland\/ch\/fr\/produit\/tachyon-ifiresecurity-prevoit-incendie-electrique-detecteur-de-surchauffe-electrique-en-temps-reel\/"]}]},{"@type":"ImageObject","inLanguage":"fr-FR","@id":"https:\/\/itachyon.ch\/tachyon-earth-switzerland\/ch\/fr\/produit\/tachyon-ifiresecurity-prevoit-incendie-electrique-detecteur-de-surchauffe-electrique-en-temps-reel\/#primaryimage","url":"https:\/\/i0.wp.com\/itachyon.ch\/tachyon-earth-switzerland\/ch\/fr\/wp-content\/uploads\/2022\/02\/tachyon-iFireSecurity-1.jpeg?fit=2220%2C2220&ssl=1","contentUrl":"https:\/\/i0.wp.com\/itachyon.ch\/tachyon-earth-switzerland\/ch\/fr\/wp-content\/uploads\/2022\/02\/tachyon-iFireSecurity-1.jpeg?fit=2220%2C2220&ssl=1","width":2220,"height":2220},{"@type":"BreadcrumbList","@id":"https:\/\/itachyon.ch\/tachyon-earth-switzerland\/ch\/fr\/produit\/tachyon-ifiresecurity-prevoit-incendie-electrique-detecteur-de-surchauffe-electrique-en-temps-reel\/#breadcrumb","itemListElement":[{"@type":"ListItem","position":1,"name":"Accueil","item":"https:\/\/itachyon.ch\/tachyon-earth-switzerland\/ch\/fr\/"},{"@type":"ListItem","position":2,"name":"iFireSecurity \u00e9vite incendie \u00e9lectrique, d\u00e9tecteur de surchauffe \u00e9lectrique en temps r\u00e9el"}]},{"@type":"WebSite","@id":"https:\/\/itachyon.ch\/tachyon-earth-switzerland\/ch\/fr\/#website","url":"https:\/\/itachyon.ch\/tachyon-earth-switzerland\/ch\/fr\/","name":"Tachyon - consulting - ai - logiciel - hardware - \u00e9lectronique - \u00e9nergie - g\u00e9othermie","description":"Physique appliqu\u00e9e","publisher":{"@id":"https:\/\/itachyon.ch\/tachyon-earth-switzerland\/ch\/fr\/#organization"},"potentialAction":[{"@type":"SearchAction","target":{"@type":"EntryPoint","urlTemplate":"https:\/\/itachyon.ch\/tachyon-earth-switzerland\/ch\/fr\/?s={search_term_string}"},"query-input":{"@type":"PropertyValueSpecification","valueRequired":true,"valueName":"search_term_string"}}],"inLanguage":"fr-FR"},{"@type":"Organization","@id":"https:\/\/itachyon.ch\/tachyon-earth-switzerland\/ch\/fr\/#organization","name":"Tachyon SL","url":"https:\/\/itachyon.ch\/tachyon-earth-switzerland\/ch\/fr\/","logo":{"@type":"ImageObject","inLanguage":"fr-FR","@id":"https:\/\/itachyon.ch\/tachyon-earth-switzerland\/ch\/fr\/#\/schema\/logo\/image\/","url":"https:\/\/itachyon.ch\/tachyon-earth-switzerland\/ch\/fr\/wp-content\/uploads\/2020\/05\/Tachyon-logo-7-BN.png","contentUrl":"https:\/\/itachyon.ch\/tachyon-earth-switzerland\/ch\/fr\/wp-content\/uploads\/2020\/05\/Tachyon-logo-7-BN.png","width":200,"height":326,"caption":"Tachyon SL"},"image":{"@id":"https:\/\/itachyon.ch\/tachyon-earth-switzerland\/ch\/fr\/#\/schema\/logo\/image\/"}}]}},"jetpack-related-posts":[],"jetpack_sharing_enabled":true,"_links":{"self":[{"href":"https:\/\/itachyon.ch\/tachyon-earth-switzerland\/ch\/fr\/wp-json\/wp\/v2\/product\/3773","targetHints":{"allow":["GET"]}}],"collection":[{"href":"https:\/\/itachyon.ch\/tachyon-earth-switzerland\/ch\/fr\/wp-json\/wp\/v2\/product"}],"about":[{"href":"https:\/\/itachyon.ch\/tachyon-earth-switzerland\/ch\/fr\/wp-json\/wp\/v2\/types\/product"}],"replies":[{"embeddable":true,"href":"https:\/\/itachyon.ch\/tachyon-earth-switzerland\/ch\/fr\/wp-json\/wp\/v2\/comments?post=3773"}],"wp:featuredmedia":[{"embeddable":true,"href":"https:\/\/itachyon.ch\/tachyon-earth-switzerland\/ch\/fr\/wp-json\/wp\/v2\/media\/3774"}],"wp:attachment":[{"href":"https:\/\/itachyon.ch\/tachyon-earth-switzerland\/ch\/fr\/wp-json\/wp\/v2\/media?parent=3773"}],"wp:term":[{"taxonomy":"product_brand","embeddable":true,"href":"https:\/\/itachyon.ch\/tachyon-earth-switzerland\/ch\/fr\/wp-json\/wp\/v2\/product_brand?post=3773"},{"taxonomy":"product_cat","embeddable":true,"href":"https:\/\/itachyon.ch\/tachyon-earth-switzerland\/ch\/fr\/wp-json\/wp\/v2\/product_cat?post=3773"},{"taxonomy":"product_tag","embeddable":true,"href":"https:\/\/itachyon.ch\/tachyon-earth-switzerland\/ch\/fr\/wp-json\/wp\/v2\/product_tag?post=3773"}],"curies":[{"name":"wp","href":"https:\/\/api.w.org\/{rel}","templated":true}]}}