{"id":3520,"date":"2021-11-25T06:24:14","date_gmt":"2021-11-25T05:24:14","guid":{"rendered":"https:\/\/itachyon.ch\/tachyon-earth-switzerland\/ch\/fr\/?post_type=product&#038;p=3520"},"modified":"2023-10-15T20:31:09","modified_gmt":"2023-10-15T18:31:09","slug":"imultitemp-vxs-multi-detecteur-de-temperature-wifi-logiciel-inclus","status":"publish","type":"product","link":"https:\/\/itachyon.ch\/tachyon-earth-switzerland\/ch\/fr\/produit\/imultitemp-vxs-multi-detecteur-de-temperature-wifi-logiciel-inclus\/","title":{"rendered":"Multid\u00e9tecteur de temp\u00e9rature, Wifi, logiciel inclus"},"content":{"rendered":"<p>iMULTITEMP vXS est id\u00e9al pour capturer et contr\u00f4ler \u00e0 distance, les temp\u00e9ratures d\u2019une ou de plusieurs zones simultan\u00e9ment et en temps r\u00e9el via Internet.<\/p>\n<p>Le syst\u00e8me est compos\u00e9 d\u2019un convertisseur de signaux analogique-num\u00e9rique, avec transmission via Wifi de signaux, et de c\u00e2bles Tachyon multi-sensibles; technologie IoT Tachyon.<\/p>\n<p>Connectez un ou plusieurs c\u00e2bles multi-sensibles Tachyon, joignant et reliant les deux conducteurs du c\u00e2ble de m\u00eame couleur, aux 2 entr\u00e9es (+) et (-) du convertisseur Tachyon iMULTITEMP vXS, connectez \u00e9lectriquement le convertisseur \u00e0 une batterie de recharge ou un adaptateur secteur USB standard, mettez l\u2019appareil sous tension.<\/p>\n<p>iMULTITEMP vXS se connecte automatiquement au r\u00e9seau Wi-Fi existant dans les locaux, local ou \u00e0 celui partag\u00e9 sur votre t\u00e9l\u00e9phone.<\/p>\n<p>Une fois connect\u00e9 \u00e0 la <a href=\"https:\/\/itachyon.ch\/tachyon-earth-switzerland\/ch\/fr\/users\/\">page Web d\u2019acc\u00e8s aux donn\u00e9es<\/a>, en option vous pouvez afficher via le navigateur de votre t\u00e9l\u00e9phone, tablette ou ordinateur, la position g\u00e9ographique o\u00f9 se trouve votre iMULTITEMP vXS et toutes les temp\u00e9ratures obtenues par le iMULTITEMP vXS, et tout cela en temps r\u00e9el.<\/p>\n<p><a href=\"http:\/\/tachyon.es\/guest\/demo\/online\/multitemp\/11\/data3.php\">D\u00e9monstration, suivez ce lien pour visualiser un exemple de donn\u00e9es obtenues par iMULTITEMP vXS<\/a><\/p>\n<p>En option, vous pouvez acheter un logiciel personnalis\u00e9, avec votre logo et adapt\u00e9 \u00e0 vos besoins sp\u00e9cifiques.<\/p>\n<p>En option, vous pouvez \u00e9galement acheter des sondes de temp\u00e9rature Tachyon de diff\u00e9rentes longueurs, personnalis\u00e9es et adapt\u00e9es \u00e0 vos besoins.<\/p>\n<p>Une multitude d\u2019options et d\u2019accessoires sont disponibles, de multiples bornes de connexion, une alimentation, un accessoire Wi-Fi avec une carte SIM GSM ind\u00e9pendante, des bo\u00eetiers de protection avec IP s\u00e9v\u00e8re, entre autres nombreuses options de hardware et logiciels personnalis\u00e9s.<\/p>\n<p>iMULTITEMP vXS est un produit con\u00e7u et fabriqu\u00e9 en Suisse par la soci\u00e9t\u00e9 Tachyon SL<\/p>\n<p><a href=\"http:\/\/tachyon.es\/guest\/demo\/online\/multitemp\/11\/data3.php\">Exemple interactif de donn\u00e9es obtenues par iMULTITEMP vXS<\/a><\/p>\n<p>Inclus dans le pack iMULTITEMP vXS :<br \/>\n1 Bo\u00eetier iMULTITEMP vXS lecture simultan\u00e9e jusqu&rsquo;\u00e0 3 sondes de temp\u00e9rature.<br \/>\n1 Sonde de temp\u00e9rature avec c\u00e2ble de L 1 m.<br \/>\n1 Sonde de temp\u00e9rature avec c\u00e2ble de L 5 m.<br \/>\n1 Sonde de temp\u00e9rature avec c\u00e2ble de L 10 m.<br \/>\n1 Acc\u00e8s aux donn\u00e9es en ligne en temps r\u00e9el.<\/p>\n<p>Options disponibles pour iMULTITEMP vXS :<br \/>\nGPS.<br \/>\nGSM.<br \/>\nSIM.<br \/>\nSondes de temp\u00e9rature personalis\u00e9es jusqu&rsquo;\u00e0 L 100 m.<br \/>\nBatterie de haute autonomie.<br \/>\nLogiciel personnalis\u00e9.<br \/>\nSyst\u00e8mes d&rsquo;alarmes avanc\u00e9es.<br \/>\nOEM.<br \/>\nLCD.<br \/>\nPersonnalisation de hardware.<\/p>\n<p>&nbsp;<\/p>\n","protected":false},"excerpt":{"rendered":"<p>iMULTITEMP vXS capture et contr\u00f4le \u00e0 distance, les temp\u00e9ratures d\u2019une ou de plusieurs zones simultan\u00e9ment et en temps r\u00e9el via Internet.<\/p>\n<p>Inclus dans le pack iMULTITEMP vXS :<br \/>\n1 Bo\u00eetier iMULTITEMP vXS lecture simultan\u00e9e jusqu&rsquo;\u00e0 3 sondes de temp\u00e9rature.<br \/>\n1 Sonde de temp\u00e9rature avec c\u00e2ble de L 1 m.<br \/>\n1 Sonde de temp\u00e9rature avec c\u00e2ble de L 5 m.<br \/>\n1 Sonde de temp\u00e9rature avec c\u00e2ble de L 10 m.<br \/>\n1 Acc\u00e8s aux donn\u00e9es en ligne en temps r\u00e9el.<\/p>\n<p><iframe loading=\"lazy\" title=\"YouTube video player\" src=\"https:\/\/www.youtube.com\/embed\/e8ySR4gEQGk\" width=\"330\" height=\"186\" frameborder=\"0\" allowfullscreen=\"allowfullscreen\" data-mce-fragment=\"1\"><\/iframe><\/p>\n<p><iframe loading=\"lazy\" title=\"YouTube video player\" src=\"https:\/\/www.youtube.com\/embed\/svXoNy5KfFY\" width=\"330\" height=\"186\" frameborder=\"0\" allowfullscreen=\"allowfullscreen\" data-mce-fragment=\"1\"><\/iframe><\/p>\n","protected":false},"featured_media":3529,"comment_status":"closed","ping_status":"closed","template":"","meta":[],"product_brand":[],"product_cat":[59,60,65],"product_tag":[],"class_list":{"0":"post-3520","1":"product","2":"type-product","3":"status-publish","4":"has-post-thumbnail","6":"product_cat-magasin","7":"product_cat-tachyon","8":"product_cat-temperature","10":"first","11":"onbackorder","12":"taxable","13":"shipping-taxable","14":"purchasable","15":"product-type-simple"},"yoast_head":"<!-- This site is optimized with the Yoast SEO plugin v24.8.1 - https:\/\/yoast.com\/wordpress\/plugins\/seo\/ -->\n<title>Multid\u00e9tecteur de temp\u00e9rature, Wifi, logiciel inclus - Tachyon - consulting - ai - logiciel - hardware - \u00e9lectronique - \u00e9nergie - g\u00e9othermie<\/title>\n<meta name=\"description\" content=\"iMULTITEMP vXS est id\u00e9al pour capturer et contr\u00f4ler \u00e0 distance, les temp\u00e9ratures d\u2019une ou de plusieurs zones simultan\u00e9ment et en temps r\u00e9el via Internet.Le syst\u00e8me est compos\u00e9 d\u2019un convertisseur de signaux analogique-num\u00e9rique, avec transmission via Wifi de signaux, et de c\u00e2bles Tachyon multi-sensibles; technologie IoT Tachyon.Connectez un ou plusieurs c\u00e2bles multisensibles Tachyon, joignant et reliant les deux conducteurs du c\u00e2ble de m\u00eame couleur, aux 2 entr\u00e9es (+) et (-) du convertisseur Tachyon iMULTITEMP vXS, connectez \u00e9lectriquement le convertisseur \u00e0 une batterie de recharge ou un adaptateur secteur USB standard, mettez l\u2019appareil sous tension...\" \/>\n<meta name=\"robots\" content=\"index, follow, max-snippet:-1, max-image-preview:large, max-video-preview:-1\" \/>\n<link rel=\"canonical\" href=\"https:\/\/itachyon.ch\/tachyon-earth-switzerland\/ch\/fr\/produit\/imultitemp-vxs-multi-detecteur-de-temperature-wifi-logiciel-inclus\/\" \/>\n<meta property=\"og:locale\" content=\"fr_FR\" \/>\n<meta property=\"og:type\" content=\"article\" \/>\n<meta property=\"og:title\" content=\"Multid\u00e9tecteur de temp\u00e9rature, Wifi, logiciel inclus - Tachyon - consulting - ai - logiciel - hardware - \u00e9lectronique - \u00e9nergie - g\u00e9othermie\" \/>\n<meta property=\"og:description\" content=\"iMULTITEMP vXS est id\u00e9al pour capturer et contr\u00f4ler \u00e0 distance, les temp\u00e9ratures d\u2019une ou de plusieurs zones simultan\u00e9ment et en temps r\u00e9el via Internet.Le syst\u00e8me est compos\u00e9 d\u2019un convertisseur de signaux analogique-num\u00e9rique, avec transmission via Wifi de signaux, et de c\u00e2bles Tachyon multi-sensibles; technologie IoT Tachyon.Connectez un ou plusieurs c\u00e2bles multisensibles Tachyon, joignant et reliant les deux conducteurs du c\u00e2ble de m\u00eame couleur, aux 2 entr\u00e9es (+) et (-) du convertisseur Tachyon iMULTITEMP vXS, connectez \u00e9lectriquement le convertisseur \u00e0 une batterie de recharge ou un adaptateur secteur USB standard, mettez l\u2019appareil sous tension...\" \/>\n<meta property=\"og:url\" content=\"https:\/\/itachyon.ch\/tachyon-earth-switzerland\/ch\/fr\/produit\/imultitemp-vxs-multi-detecteur-de-temperature-wifi-logiciel-inclus\/\" \/>\n<meta property=\"og:site_name\" content=\"Tachyon - consulting - ai - logiciel - hardware - \u00e9lectronique - \u00e9nergie - g\u00e9othermie\" \/>\n<meta property=\"article:modified_time\" content=\"2023-10-15T18:31:09+00:00\" \/>\n<meta property=\"og:image\" content=\"https:\/\/itachyon.ch\/tachyon-earth-switzerland\/ch\/fr\/wp-content\/uploads\/2021\/11\/iMULTITEMP-vXS-7.jpg\" \/>\n\t<meta property=\"og:image:width\" content=\"500\" \/>\n\t<meta property=\"og:image:height\" content=\"500\" \/>\n\t<meta property=\"og:image:type\" content=\"image\/jpeg\" \/>\n<meta name=\"twitter:card\" content=\"summary_large_image\" \/>\n<meta name=\"twitter:label1\" content=\"Dur\u00e9e de lecture estim\u00e9e\" \/>\n\t<meta name=\"twitter:data1\" content=\"2 minutes\" \/>\n<script type=\"application\/ld+json\" class=\"yoast-schema-graph\">{\"@context\":\"https:\/\/schema.org\",\"@graph\":[{\"@type\":\"WebPage\",\"@id\":\"https:\/\/itachyon.ch\/tachyon-earth-switzerland\/ch\/fr\/produit\/imultitemp-vxs-multi-detecteur-de-temperature-wifi-logiciel-inclus\/\",\"url\":\"https:\/\/itachyon.ch\/tachyon-earth-switzerland\/ch\/fr\/produit\/imultitemp-vxs-multi-detecteur-de-temperature-wifi-logiciel-inclus\/\",\"name\":\"Multid\u00e9tecteur de temp\u00e9rature, Wifi, logiciel inclus - Tachyon - consulting - ai - logiciel - hardware - \u00e9lectronique - \u00e9nergie - g\u00e9othermie\",\"isPartOf\":{\"@id\":\"https:\/\/itachyon.ch\/tachyon-earth-switzerland\/ch\/fr\/#website\"},\"primaryImageOfPage\":{\"@id\":\"https:\/\/itachyon.ch\/tachyon-earth-switzerland\/ch\/fr\/produit\/imultitemp-vxs-multi-detecteur-de-temperature-wifi-logiciel-inclus\/#primaryimage\"},\"image\":{\"@id\":\"https:\/\/itachyon.ch\/tachyon-earth-switzerland\/ch\/fr\/produit\/imultitemp-vxs-multi-detecteur-de-temperature-wifi-logiciel-inclus\/#primaryimage\"},\"thumbnailUrl\":\"https:\/\/i0.wp.com\/itachyon.ch\/tachyon-earth-switzerland\/ch\/fr\/wp-content\/uploads\/2021\/11\/iMULTITEMP-vXS-7.jpg?fit=500%2C500&ssl=1\",\"datePublished\":\"2021-11-25T05:24:14+00:00\",\"dateModified\":\"2023-10-15T18:31:09+00:00\",\"description\":\"iMULTITEMP vXS est id\u00e9al pour capturer et contr\u00f4ler \u00e0 distance, les temp\u00e9ratures d\u2019une ou de plusieurs zones simultan\u00e9ment et en temps r\u00e9el via Internet.Le syst\u00e8me est compos\u00e9 d\u2019un convertisseur de signaux analogique-num\u00e9rique, avec transmission via Wifi de signaux, et de c\u00e2bles Tachyon multi-sensibles; technologie IoT Tachyon.Connectez un ou plusieurs c\u00e2bles multisensibles Tachyon, joignant et reliant les deux conducteurs du c\u00e2ble de m\u00eame couleur, aux 2 entr\u00e9es (+) et (-) du convertisseur Tachyon iMULTITEMP vXS, connectez \u00e9lectriquement le convertisseur \u00e0 une batterie de recharge ou un adaptateur secteur USB standard, mettez l\u2019appareil sous tension...\",\"breadcrumb\":{\"@id\":\"https:\/\/itachyon.ch\/tachyon-earth-switzerland\/ch\/fr\/produit\/imultitemp-vxs-multi-detecteur-de-temperature-wifi-logiciel-inclus\/#breadcrumb\"},\"inLanguage\":\"fr-FR\",\"potentialAction\":[{\"@type\":\"ReadAction\",\"target\":[\"https:\/\/itachyon.ch\/tachyon-earth-switzerland\/ch\/fr\/produit\/imultitemp-vxs-multi-detecteur-de-temperature-wifi-logiciel-inclus\/\"]}]},{\"@type\":\"ImageObject\",\"inLanguage\":\"fr-FR\",\"@id\":\"https:\/\/itachyon.ch\/tachyon-earth-switzerland\/ch\/fr\/produit\/imultitemp-vxs-multi-detecteur-de-temperature-wifi-logiciel-inclus\/#primaryimage\",\"url\":\"https:\/\/i0.wp.com\/itachyon.ch\/tachyon-earth-switzerland\/ch\/fr\/wp-content\/uploads\/2021\/11\/iMULTITEMP-vXS-7.jpg?fit=500%2C500&ssl=1\",\"contentUrl\":\"https:\/\/i0.wp.com\/itachyon.ch\/tachyon-earth-switzerland\/ch\/fr\/wp-content\/uploads\/2021\/11\/iMULTITEMP-vXS-7.jpg?fit=500%2C500&ssl=1\",\"width\":500,\"height\":500},{\"@type\":\"BreadcrumbList\",\"@id\":\"https:\/\/itachyon.ch\/tachyon-earth-switzerland\/ch\/fr\/produit\/imultitemp-vxs-multi-detecteur-de-temperature-wifi-logiciel-inclus\/#breadcrumb\",\"itemListElement\":[{\"@type\":\"ListItem\",\"position\":1,\"name\":\"Accueil\",\"item\":\"https:\/\/itachyon.ch\/tachyon-earth-switzerland\/ch\/fr\/\"},{\"@type\":\"ListItem\",\"position\":2,\"name\":\"Multid\u00e9tecteur de temp\u00e9rature, Wifi, logiciel inclus\"}]},{\"@type\":\"WebSite\",\"@id\":\"https:\/\/itachyon.ch\/tachyon-earth-switzerland\/ch\/fr\/#website\",\"url\":\"https:\/\/itachyon.ch\/tachyon-earth-switzerland\/ch\/fr\/\",\"name\":\"Tachyon - consulting - ai - logiciel - hardware - \u00e9lectronique - \u00e9nergie - g\u00e9othermie\",\"description\":\"Physique appliqu\u00e9e\",\"publisher\":{\"@id\":\"https:\/\/itachyon.ch\/tachyon-earth-switzerland\/ch\/fr\/#organization\"},\"potentialAction\":[{\"@type\":\"SearchAction\",\"target\":{\"@type\":\"EntryPoint\",\"urlTemplate\":\"https:\/\/itachyon.ch\/tachyon-earth-switzerland\/ch\/fr\/?s={search_term_string}\"},\"query-input\":{\"@type\":\"PropertyValueSpecification\",\"valueRequired\":true,\"valueName\":\"search_term_string\"}}],\"inLanguage\":\"fr-FR\"},{\"@type\":\"Organization\",\"@id\":\"https:\/\/itachyon.ch\/tachyon-earth-switzerland\/ch\/fr\/#organization\",\"name\":\"Tachyon SL\",\"url\":\"https:\/\/itachyon.ch\/tachyon-earth-switzerland\/ch\/fr\/\",\"logo\":{\"@type\":\"ImageObject\",\"inLanguage\":\"fr-FR\",\"@id\":\"https:\/\/itachyon.ch\/tachyon-earth-switzerland\/ch\/fr\/#\/schema\/logo\/image\/\",\"url\":\"https:\/\/itachyon.ch\/tachyon-earth-switzerland\/ch\/fr\/wp-content\/uploads\/2020\/05\/Tachyon-logo-7-BN.png\",\"contentUrl\":\"https:\/\/itachyon.ch\/tachyon-earth-switzerland\/ch\/fr\/wp-content\/uploads\/2020\/05\/Tachyon-logo-7-BN.png\",\"width\":200,\"height\":326,\"caption\":\"Tachyon SL\"},\"image\":{\"@id\":\"https:\/\/itachyon.ch\/tachyon-earth-switzerland\/ch\/fr\/#\/schema\/logo\/image\/\"}}]}<\/script>\n<!-- \/ Yoast SEO plugin. -->","yoast_head_json":{"title":"Multid\u00e9tecteur de temp\u00e9rature, Wifi, logiciel inclus - Tachyon - consulting - ai - logiciel - hardware - \u00e9lectronique - \u00e9nergie - g\u00e9othermie","description":"iMULTITEMP vXS est id\u00e9al pour capturer et contr\u00f4ler \u00e0 distance, les temp\u00e9ratures d\u2019une ou de plusieurs zones simultan\u00e9ment et en temps r\u00e9el via Internet.Le syst\u00e8me est compos\u00e9 d\u2019un convertisseur de signaux analogique-num\u00e9rique, avec transmission via Wifi de signaux, et de c\u00e2bles Tachyon multi-sensibles; technologie IoT Tachyon.Connectez un ou plusieurs c\u00e2bles multisensibles Tachyon, joignant et reliant les deux conducteurs du c\u00e2ble de m\u00eame couleur, aux 2 entr\u00e9es (+) et (-) du convertisseur Tachyon iMULTITEMP vXS, connectez \u00e9lectriquement le convertisseur \u00e0 une batterie de recharge ou un adaptateur secteur USB standard, mettez l\u2019appareil sous tension...","robots":{"index":"index","follow":"follow","max-snippet":"max-snippet:-1","max-image-preview":"max-image-preview:large","max-video-preview":"max-video-preview:-1"},"canonical":"https:\/\/itachyon.ch\/tachyon-earth-switzerland\/ch\/fr\/produit\/imultitemp-vxs-multi-detecteur-de-temperature-wifi-logiciel-inclus\/","og_locale":"fr_FR","og_type":"article","og_title":"Multid\u00e9tecteur de temp\u00e9rature, Wifi, logiciel inclus - Tachyon - consulting - ai - logiciel - hardware - \u00e9lectronique - \u00e9nergie - g\u00e9othermie","og_description":"iMULTITEMP vXS est id\u00e9al pour capturer et contr\u00f4ler \u00e0 distance, les temp\u00e9ratures d\u2019une ou de plusieurs zones simultan\u00e9ment et en temps r\u00e9el via Internet.Le syst\u00e8me est compos\u00e9 d\u2019un convertisseur de signaux analogique-num\u00e9rique, avec transmission via Wifi de signaux, et de c\u00e2bles Tachyon multi-sensibles; technologie IoT Tachyon.Connectez un ou plusieurs c\u00e2bles multisensibles Tachyon, joignant et reliant les deux conducteurs du c\u00e2ble de m\u00eame couleur, aux 2 entr\u00e9es (+) et (-) du convertisseur Tachyon iMULTITEMP vXS, connectez \u00e9lectriquement le convertisseur \u00e0 une batterie de recharge ou un adaptateur secteur USB standard, mettez l\u2019appareil sous tension...","og_url":"https:\/\/itachyon.ch\/tachyon-earth-switzerland\/ch\/fr\/produit\/imultitemp-vxs-multi-detecteur-de-temperature-wifi-logiciel-inclus\/","og_site_name":"Tachyon - consulting - ai - logiciel - hardware - \u00e9lectronique - \u00e9nergie - g\u00e9othermie","article_modified_time":"2023-10-15T18:31:09+00:00","og_image":[{"width":500,"height":500,"url":"https:\/\/itachyon.ch\/tachyon-earth-switzerland\/ch\/fr\/wp-content\/uploads\/2021\/11\/iMULTITEMP-vXS-7.jpg","type":"image\/jpeg"}],"twitter_card":"summary_large_image","twitter_misc":{"Dur\u00e9e de lecture estim\u00e9e":"2 minutes"},"schema":{"@context":"https:\/\/schema.org","@graph":[{"@type":"WebPage","@id":"https:\/\/itachyon.ch\/tachyon-earth-switzerland\/ch\/fr\/produit\/imultitemp-vxs-multi-detecteur-de-temperature-wifi-logiciel-inclus\/","url":"https:\/\/itachyon.ch\/tachyon-earth-switzerland\/ch\/fr\/produit\/imultitemp-vxs-multi-detecteur-de-temperature-wifi-logiciel-inclus\/","name":"Multid\u00e9tecteur de temp\u00e9rature, Wifi, logiciel inclus - Tachyon - consulting - ai - logiciel - hardware - \u00e9lectronique - \u00e9nergie - g\u00e9othermie","isPartOf":{"@id":"https:\/\/itachyon.ch\/tachyon-earth-switzerland\/ch\/fr\/#website"},"primaryImageOfPage":{"@id":"https:\/\/itachyon.ch\/tachyon-earth-switzerland\/ch\/fr\/produit\/imultitemp-vxs-multi-detecteur-de-temperature-wifi-logiciel-inclus\/#primaryimage"},"image":{"@id":"https:\/\/itachyon.ch\/tachyon-earth-switzerland\/ch\/fr\/produit\/imultitemp-vxs-multi-detecteur-de-temperature-wifi-logiciel-inclus\/#primaryimage"},"thumbnailUrl":"https:\/\/i0.wp.com\/itachyon.ch\/tachyon-earth-switzerland\/ch\/fr\/wp-content\/uploads\/2021\/11\/iMULTITEMP-vXS-7.jpg?fit=500%2C500&ssl=1","datePublished":"2021-11-25T05:24:14+00:00","dateModified":"2023-10-15T18:31:09+00:00","description":"iMULTITEMP vXS est id\u00e9al pour capturer et contr\u00f4ler \u00e0 distance, les temp\u00e9ratures d\u2019une ou de plusieurs zones simultan\u00e9ment et en temps r\u00e9el via Internet.Le syst\u00e8me est compos\u00e9 d\u2019un convertisseur de signaux analogique-num\u00e9rique, avec transmission via Wifi de signaux, et de c\u00e2bles Tachyon multi-sensibles; technologie IoT Tachyon.Connectez un ou plusieurs c\u00e2bles multisensibles Tachyon, joignant et reliant les deux conducteurs du c\u00e2ble de m\u00eame couleur, aux 2 entr\u00e9es (+) et (-) du convertisseur Tachyon iMULTITEMP vXS, connectez \u00e9lectriquement le convertisseur \u00e0 une batterie de recharge ou un adaptateur secteur USB standard, mettez l\u2019appareil sous tension...","breadcrumb":{"@id":"https:\/\/itachyon.ch\/tachyon-earth-switzerland\/ch\/fr\/produit\/imultitemp-vxs-multi-detecteur-de-temperature-wifi-logiciel-inclus\/#breadcrumb"},"inLanguage":"fr-FR","potentialAction":[{"@type":"ReadAction","target":["https:\/\/itachyon.ch\/tachyon-earth-switzerland\/ch\/fr\/produit\/imultitemp-vxs-multi-detecteur-de-temperature-wifi-logiciel-inclus\/"]}]},{"@type":"ImageObject","inLanguage":"fr-FR","@id":"https:\/\/itachyon.ch\/tachyon-earth-switzerland\/ch\/fr\/produit\/imultitemp-vxs-multi-detecteur-de-temperature-wifi-logiciel-inclus\/#primaryimage","url":"https:\/\/i0.wp.com\/itachyon.ch\/tachyon-earth-switzerland\/ch\/fr\/wp-content\/uploads\/2021\/11\/iMULTITEMP-vXS-7.jpg?fit=500%2C500&ssl=1","contentUrl":"https:\/\/i0.wp.com\/itachyon.ch\/tachyon-earth-switzerland\/ch\/fr\/wp-content\/uploads\/2021\/11\/iMULTITEMP-vXS-7.jpg?fit=500%2C500&ssl=1","width":500,"height":500},{"@type":"BreadcrumbList","@id":"https:\/\/itachyon.ch\/tachyon-earth-switzerland\/ch\/fr\/produit\/imultitemp-vxs-multi-detecteur-de-temperature-wifi-logiciel-inclus\/#breadcrumb","itemListElement":[{"@type":"ListItem","position":1,"name":"Accueil","item":"https:\/\/itachyon.ch\/tachyon-earth-switzerland\/ch\/fr\/"},{"@type":"ListItem","position":2,"name":"Multid\u00e9tecteur de temp\u00e9rature, Wifi, logiciel inclus"}]},{"@type":"WebSite","@id":"https:\/\/itachyon.ch\/tachyon-earth-switzerland\/ch\/fr\/#website","url":"https:\/\/itachyon.ch\/tachyon-earth-switzerland\/ch\/fr\/","name":"Tachyon - consulting - ai - logiciel - hardware - \u00e9lectronique - \u00e9nergie - g\u00e9othermie","description":"Physique appliqu\u00e9e","publisher":{"@id":"https:\/\/itachyon.ch\/tachyon-earth-switzerland\/ch\/fr\/#organization"},"potentialAction":[{"@type":"SearchAction","target":{"@type":"EntryPoint","urlTemplate":"https:\/\/itachyon.ch\/tachyon-earth-switzerland\/ch\/fr\/?s={search_term_string}"},"query-input":{"@type":"PropertyValueSpecification","valueRequired":true,"valueName":"search_term_string"}}],"inLanguage":"fr-FR"},{"@type":"Organization","@id":"https:\/\/itachyon.ch\/tachyon-earth-switzerland\/ch\/fr\/#organization","name":"Tachyon SL","url":"https:\/\/itachyon.ch\/tachyon-earth-switzerland\/ch\/fr\/","logo":{"@type":"ImageObject","inLanguage":"fr-FR","@id":"https:\/\/itachyon.ch\/tachyon-earth-switzerland\/ch\/fr\/#\/schema\/logo\/image\/","url":"https:\/\/itachyon.ch\/tachyon-earth-switzerland\/ch\/fr\/wp-content\/uploads\/2020\/05\/Tachyon-logo-7-BN.png","contentUrl":"https:\/\/itachyon.ch\/tachyon-earth-switzerland\/ch\/fr\/wp-content\/uploads\/2020\/05\/Tachyon-logo-7-BN.png","width":200,"height":326,"caption":"Tachyon SL"},"image":{"@id":"https:\/\/itachyon.ch\/tachyon-earth-switzerland\/ch\/fr\/#\/schema\/logo\/image\/"}}]}},"jetpack-related-posts":[],"jetpack_sharing_enabled":true,"_links":{"self":[{"href":"https:\/\/itachyon.ch\/tachyon-earth-switzerland\/ch\/fr\/wp-json\/wp\/v2\/product\/3520","targetHints":{"allow":["GET"]}}],"collection":[{"href":"https:\/\/itachyon.ch\/tachyon-earth-switzerland\/ch\/fr\/wp-json\/wp\/v2\/product"}],"about":[{"href":"https:\/\/itachyon.ch\/tachyon-earth-switzerland\/ch\/fr\/wp-json\/wp\/v2\/types\/product"}],"replies":[{"embeddable":true,"href":"https:\/\/itachyon.ch\/tachyon-earth-switzerland\/ch\/fr\/wp-json\/wp\/v2\/comments?post=3520"}],"wp:featuredmedia":[{"embeddable":true,"href":"https:\/\/itachyon.ch\/tachyon-earth-switzerland\/ch\/fr\/wp-json\/wp\/v2\/media\/3529"}],"wp:attachment":[{"href":"https:\/\/itachyon.ch\/tachyon-earth-switzerland\/ch\/fr\/wp-json\/wp\/v2\/media?parent=3520"}],"wp:term":[{"taxonomy":"product_brand","embeddable":true,"href":"https:\/\/itachyon.ch\/tachyon-earth-switzerland\/ch\/fr\/wp-json\/wp\/v2\/product_brand?post=3520"},{"taxonomy":"product_cat","embeddable":true,"href":"https:\/\/itachyon.ch\/tachyon-earth-switzerland\/ch\/fr\/wp-json\/wp\/v2\/product_cat?post=3520"},{"taxonomy":"product_tag","embeddable":true,"href":"https:\/\/itachyon.ch\/tachyon-earth-switzerland\/ch\/fr\/wp-json\/wp\/v2\/product_tag?post=3520"}],"curies":[{"name":"wp","href":"https:\/\/api.w.org\/{rel}","templated":true}]}}