{"id":2894,"date":"2021-01-25T18:28:01","date_gmt":"2021-01-25T17:28:01","guid":{"rendered":"https:\/\/itachyon.ch\/tachyon-earth-switzerland\/ch\/fr\/?page_id=2894"},"modified":"2021-02-03T11:18:40","modified_gmt":"2021-02-03T10:18:40","slug":"software-online","status":"publish","type":"page","link":"https:\/\/itachyon.ch\/tachyon-earth-switzerland\/ch\/fr\/software-online\/","title":{"rendered":"Logiciels professionnels en ligne"},"content":{"rendered":"<ul class=\"wp-block-list\"><li><a href=\"https:\/\/tachyon.es\/software\/cargas-termicas-de-verano\/fr\/\" target=\"_blank\" rel=\"noreferrer noopener\">Calcul en ligne du bilan ou charges thermiques d&rsquo;\u00e9t\u00e9<\/a>, FR, fonctionne sur ordinateur, tablette et t\u00e9l\u00e9phone.<\/li><li><a href=\"https:\/\/tachyon.es\/software\/cargas-termicas-de-verano-ampliado\/fr\/\" target=\"_blank\" rel=\"noreferrer noopener\">Calcul en ligne du bilan ou charges thermiques d&rsquo;\u00e9t\u00e9 \u00e9tendue<\/a>, ES, fonctionne sur ordinateur, non sur tablette, non sur t\u00e9l\u00e9phone.<\/li><li><a href=\"https:\/\/tachyon.es\/software\/cargas-termicas-de-invierno\/fr\/\" target=\"_blank\" rel=\"noreferrer noopener\">Calcul en ligne du bilan thermique ou charges thermiques d&rsquo;hiver<\/a>, FR, fonctionne sur ordinateur, tablette et t\u00e9l\u00e9phone.<\/li><li><a href=\"https:\/\/tachyon.es\/software\/calculo-de-tuberias\/fr\/\" target=\"_blank\" rel=\"noreferrer noopener\">Calcul en ligne de conduites d&rsquo;eau<\/a>, ES, fonctionne sur ordinateur, non sur tablette, non sur t\u00e9l\u00e9phone.<\/li><li><a href=\"https:\/\/tachyon.es\/software\/equilibrado-de-conductos-de-aire-por-recuperacion-estatica\/fr\/\" target=\"_blank\" rel=\"noreferrer noopener\">Calcul en ligne et \u00e9quilibrage par r\u00e9cup\u00e9ration statique des gaines et des r\u00e9seaux de distribution d&rsquo;air<\/a>, ES, fonctionne sur ordinateur, non sur tablette, non sur t\u00e9l\u00e9phone.<\/li><\/ul><div class=\"wp-block-image\"><figure class=\"aligncenter size-full\"><a href=\"https:\/\/tachyon.es\/software\/calculo-de-tuberias\/fr\/\" target=\"_blank\" rel=\"noopener\"><img data-recalc-dims=\"1\" loading=\"lazy\" decoding=\"async\" width=\"1110\" height=\"694\" src=\"https:\/\/i0.wp.com\/itachyon.ch\/tachyon-earth-switzerland\/ch\/fr\/wp-content\/uploads\/2021\/02\/abc-scaled.jpg?resize=1110%2C694&#038;ssl=1\" alt=\"\" class=\"wp-image-2918\" srcset=\"https:\/\/i0.wp.com\/itachyon.ch\/tachyon-earth-switzerland\/ch\/fr\/wp-content\/uploads\/2021\/02\/abc-scaled.jpg?w=2560&amp;ssl=1 2560w, https:\/\/i0.wp.com\/itachyon.ch\/tachyon-earth-switzerland\/ch\/fr\/wp-content\/uploads\/2021\/02\/abc-scaled.jpg?resize=300%2C188&amp;ssl=1 300w, https:\/\/i0.wp.com\/itachyon.ch\/tachyon-earth-switzerland\/ch\/fr\/wp-content\/uploads\/2021\/02\/abc-scaled.jpg?resize=1024%2C640&amp;ssl=1 1024w, https:\/\/i0.wp.com\/itachyon.ch\/tachyon-earth-switzerland\/ch\/fr\/wp-content\/uploads\/2021\/02\/abc-scaled.jpg?resize=768%2C480&amp;ssl=1 768w, https:\/\/i0.wp.com\/itachyon.ch\/tachyon-earth-switzerland\/ch\/fr\/wp-content\/uploads\/2021\/02\/abc-scaled.jpg?resize=1536%2C960&amp;ssl=1 1536w, https:\/\/i0.wp.com\/itachyon.ch\/tachyon-earth-switzerland\/ch\/fr\/wp-content\/uploads\/2021\/02\/abc-scaled.jpg?resize=2048%2C1280&amp;ssl=1 2048w, https:\/\/i0.wp.com\/itachyon.ch\/tachyon-earth-switzerland\/ch\/fr\/wp-content\/uploads\/2021\/02\/abc-scaled.jpg?w=2220&amp;ssl=1 2220w\" sizes=\"auto, (max-width: 1110px) 100vw, 1110px\" \/><\/a><\/figure><\/div>","protected":false},"excerpt":{"rendered":"<p>Calcul en ligne du bilan ou charges thermiques d&rsquo;\u00e9t\u00e9, FR, fonctionne sur ordinateur, tablette et t\u00e9l\u00e9phone. Calcul en ligne du bilan ou charges thermiques d&rsquo;\u00e9t\u00e9 \u00e9tendue, ES, fonctionne&hellip; <\/p>\n","protected":false},"author":1,"featured_media":0,"parent":0,"menu_order":0,"comment_status":"closed","ping_status":"closed","template":"","meta":{"footnotes":""},"class_list":["post-2894","page","type-page","status-publish","hentry"],"yoast_head":"<!-- This site is optimized with the Yoast SEO plugin v24.8.1 - https:\/\/yoast.com\/wordpress\/plugins\/seo\/ -->\n<title>Logiciels professionnels en ligne - Tachyon - consulting - ai - logiciel - hardware - \u00e9lectronique - \u00e9nergie - g\u00e9othermie<\/title>\n<meta name=\"robots\" content=\"index, follow, max-snippet:-1, max-image-preview:large, max-video-preview:-1\" \/>\n<link rel=\"canonical\" href=\"https:\/\/itachyon.ch\/tachyon-earth-switzerland\/ch\/fr\/software-online\/\" \/>\n<meta property=\"og:locale\" content=\"fr_FR\" \/>\n<meta property=\"og:type\" content=\"article\" \/>\n<meta property=\"og:title\" content=\"Logiciels professionnels en ligne - Tachyon - consulting - ai - logiciel - hardware - \u00e9lectronique - \u00e9nergie - g\u00e9othermie\" \/>\n<meta property=\"og:description\" content=\"Calcul en ligne du bilan ou charges thermiques d&rsquo;\u00e9t\u00e9, FR, fonctionne sur ordinateur, tablette et t\u00e9l\u00e9phone. Calcul en ligne du bilan ou charges thermiques d&rsquo;\u00e9t\u00e9 \u00e9tendue, ES, fonctionne&hellip;\" \/>\n<meta property=\"og:url\" content=\"https:\/\/itachyon.ch\/tachyon-earth-switzerland\/ch\/fr\/software-online\/\" \/>\n<meta property=\"og:site_name\" content=\"Tachyon - consulting - ai - logiciel - hardware - \u00e9lectronique - \u00e9nergie - g\u00e9othermie\" \/>\n<meta property=\"article:modified_time\" content=\"2021-02-03T10:18:40+00:00\" \/>\n<meta property=\"og:image\" content=\"https:\/\/itachyon.ch\/tachyon-earth-switzerland\/ch\/fr\/wp-content\/uploads\/2021\/02\/abc-scaled.jpg\" \/>\n<meta name=\"twitter:card\" content=\"summary_large_image\" \/>\n<meta name=\"twitter:label1\" content=\"Dur\u00e9e de lecture estim\u00e9e\" \/>\n\t<meta name=\"twitter:data1\" content=\"1 minute\" \/>\n<script type=\"application\/ld+json\" class=\"yoast-schema-graph\">{\"@context\":\"https:\/\/schema.org\",\"@graph\":[{\"@type\":\"WebPage\",\"@id\":\"https:\/\/itachyon.ch\/tachyon-earth-switzerland\/ch\/fr\/software-online\/\",\"url\":\"https:\/\/itachyon.ch\/tachyon-earth-switzerland\/ch\/fr\/software-online\/\",\"name\":\"Logiciels professionnels en ligne - Tachyon - consulting - ai - logiciel - hardware - \u00e9lectronique - \u00e9nergie - g\u00e9othermie\",\"isPartOf\":{\"@id\":\"https:\/\/itachyon.ch\/tachyon-earth-switzerland\/ch\/fr\/#website\"},\"primaryImageOfPage\":{\"@id\":\"https:\/\/itachyon.ch\/tachyon-earth-switzerland\/ch\/fr\/software-online\/#primaryimage\"},\"image\":{\"@id\":\"https:\/\/itachyon.ch\/tachyon-earth-switzerland\/ch\/fr\/software-online\/#primaryimage\"},\"thumbnailUrl\":\"https:\/\/itachyon.ch\/tachyon-earth-switzerland\/ch\/fr\/wp-content\/uploads\/2021\/02\/abc-scaled.jpg\",\"datePublished\":\"2021-01-25T17:28:01+00:00\",\"dateModified\":\"2021-02-03T10:18:40+00:00\",\"breadcrumb\":{\"@id\":\"https:\/\/itachyon.ch\/tachyon-earth-switzerland\/ch\/fr\/software-online\/#breadcrumb\"},\"inLanguage\":\"fr-FR\",\"potentialAction\":[{\"@type\":\"ReadAction\",\"target\":[\"https:\/\/itachyon.ch\/tachyon-earth-switzerland\/ch\/fr\/software-online\/\"]}]},{\"@type\":\"ImageObject\",\"inLanguage\":\"fr-FR\",\"@id\":\"https:\/\/itachyon.ch\/tachyon-earth-switzerland\/ch\/fr\/software-online\/#primaryimage\",\"url\":\"https:\/\/i0.wp.com\/itachyon.ch\/tachyon-earth-switzerland\/ch\/fr\/wp-content\/uploads\/2021\/02\/abc-scaled.jpg?fit=2560%2C1600&ssl=1\",\"contentUrl\":\"https:\/\/i0.wp.com\/itachyon.ch\/tachyon-earth-switzerland\/ch\/fr\/wp-content\/uploads\/2021\/02\/abc-scaled.jpg?fit=2560%2C1600&ssl=1\",\"width\":2560,\"height\":1600},{\"@type\":\"BreadcrumbList\",\"@id\":\"https:\/\/itachyon.ch\/tachyon-earth-switzerland\/ch\/fr\/software-online\/#breadcrumb\",\"itemListElement\":[{\"@type\":\"ListItem\",\"position\":1,\"name\":\"Accueil\",\"item\":\"https:\/\/itachyon.ch\/tachyon-earth-switzerland\/ch\/fr\/\"},{\"@type\":\"ListItem\",\"position\":2,\"name\":\"Logiciels professionnels en ligne\"}]},{\"@type\":\"WebSite\",\"@id\":\"https:\/\/itachyon.ch\/tachyon-earth-switzerland\/ch\/fr\/#website\",\"url\":\"https:\/\/itachyon.ch\/tachyon-earth-switzerland\/ch\/fr\/\",\"name\":\"Tachyon - consulting - ai - logiciel - hardware - \u00e9lectronique - \u00e9nergie - g\u00e9othermie\",\"description\":\"Physique appliqu\u00e9e\",\"publisher\":{\"@id\":\"https:\/\/itachyon.ch\/tachyon-earth-switzerland\/ch\/fr\/#organization\"},\"potentialAction\":[{\"@type\":\"SearchAction\",\"target\":{\"@type\":\"EntryPoint\",\"urlTemplate\":\"https:\/\/itachyon.ch\/tachyon-earth-switzerland\/ch\/fr\/?s={search_term_string}\"},\"query-input\":{\"@type\":\"PropertyValueSpecification\",\"valueRequired\":true,\"valueName\":\"search_term_string\"}}],\"inLanguage\":\"fr-FR\"},{\"@type\":\"Organization\",\"@id\":\"https:\/\/itachyon.ch\/tachyon-earth-switzerland\/ch\/fr\/#organization\",\"name\":\"Tachyon SL\",\"url\":\"https:\/\/itachyon.ch\/tachyon-earth-switzerland\/ch\/fr\/\",\"logo\":{\"@type\":\"ImageObject\",\"inLanguage\":\"fr-FR\",\"@id\":\"https:\/\/itachyon.ch\/tachyon-earth-switzerland\/ch\/fr\/#\/schema\/logo\/image\/\",\"url\":\"https:\/\/itachyon.ch\/tachyon-earth-switzerland\/ch\/fr\/wp-content\/uploads\/2020\/05\/Tachyon-logo-7-BN.png\",\"contentUrl\":\"https:\/\/itachyon.ch\/tachyon-earth-switzerland\/ch\/fr\/wp-content\/uploads\/2020\/05\/Tachyon-logo-7-BN.png\",\"width\":200,\"height\":326,\"caption\":\"Tachyon SL\"},\"image\":{\"@id\":\"https:\/\/itachyon.ch\/tachyon-earth-switzerland\/ch\/fr\/#\/schema\/logo\/image\/\"}}]}<\/script>\n<!-- \/ Yoast SEO plugin. -->","yoast_head_json":{"title":"Logiciels professionnels en ligne - Tachyon - consulting - ai - logiciel - hardware - \u00e9lectronique - \u00e9nergie - g\u00e9othermie","robots":{"index":"index","follow":"follow","max-snippet":"max-snippet:-1","max-image-preview":"max-image-preview:large","max-video-preview":"max-video-preview:-1"},"canonical":"https:\/\/itachyon.ch\/tachyon-earth-switzerland\/ch\/fr\/software-online\/","og_locale":"fr_FR","og_type":"article","og_title":"Logiciels professionnels en ligne - Tachyon - consulting - ai - logiciel - hardware - \u00e9lectronique - \u00e9nergie - g\u00e9othermie","og_description":"Calcul en ligne du bilan ou charges thermiques d&rsquo;\u00e9t\u00e9, FR, fonctionne sur ordinateur, tablette et t\u00e9l\u00e9phone. Calcul en ligne du bilan ou charges thermiques d&rsquo;\u00e9t\u00e9 \u00e9tendue, ES, fonctionne&hellip;","og_url":"https:\/\/itachyon.ch\/tachyon-earth-switzerland\/ch\/fr\/software-online\/","og_site_name":"Tachyon - consulting - ai - logiciel - hardware - \u00e9lectronique - \u00e9nergie - g\u00e9othermie","article_modified_time":"2021-02-03T10:18:40+00:00","og_image":[{"url":"https:\/\/itachyon.ch\/tachyon-earth-switzerland\/ch\/fr\/wp-content\/uploads\/2021\/02\/abc-scaled.jpg","type":"","width":"","height":""}],"twitter_card":"summary_large_image","twitter_misc":{"Dur\u00e9e de lecture estim\u00e9e":"1 minute"},"schema":{"@context":"https:\/\/schema.org","@graph":[{"@type":"WebPage","@id":"https:\/\/itachyon.ch\/tachyon-earth-switzerland\/ch\/fr\/software-online\/","url":"https:\/\/itachyon.ch\/tachyon-earth-switzerland\/ch\/fr\/software-online\/","name":"Logiciels professionnels en ligne - Tachyon - consulting - ai - logiciel - hardware - \u00e9lectronique - \u00e9nergie - g\u00e9othermie","isPartOf":{"@id":"https:\/\/itachyon.ch\/tachyon-earth-switzerland\/ch\/fr\/#website"},"primaryImageOfPage":{"@id":"https:\/\/itachyon.ch\/tachyon-earth-switzerland\/ch\/fr\/software-online\/#primaryimage"},"image":{"@id":"https:\/\/itachyon.ch\/tachyon-earth-switzerland\/ch\/fr\/software-online\/#primaryimage"},"thumbnailUrl":"https:\/\/itachyon.ch\/tachyon-earth-switzerland\/ch\/fr\/wp-content\/uploads\/2021\/02\/abc-scaled.jpg","datePublished":"2021-01-25T17:28:01+00:00","dateModified":"2021-02-03T10:18:40+00:00","breadcrumb":{"@id":"https:\/\/itachyon.ch\/tachyon-earth-switzerland\/ch\/fr\/software-online\/#breadcrumb"},"inLanguage":"fr-FR","potentialAction":[{"@type":"ReadAction","target":["https:\/\/itachyon.ch\/tachyon-earth-switzerland\/ch\/fr\/software-online\/"]}]},{"@type":"ImageObject","inLanguage":"fr-FR","@id":"https:\/\/itachyon.ch\/tachyon-earth-switzerland\/ch\/fr\/software-online\/#primaryimage","url":"https:\/\/i0.wp.com\/itachyon.ch\/tachyon-earth-switzerland\/ch\/fr\/wp-content\/uploads\/2021\/02\/abc-scaled.jpg?fit=2560%2C1600&ssl=1","contentUrl":"https:\/\/i0.wp.com\/itachyon.ch\/tachyon-earth-switzerland\/ch\/fr\/wp-content\/uploads\/2021\/02\/abc-scaled.jpg?fit=2560%2C1600&ssl=1","width":2560,"height":1600},{"@type":"BreadcrumbList","@id":"https:\/\/itachyon.ch\/tachyon-earth-switzerland\/ch\/fr\/software-online\/#breadcrumb","itemListElement":[{"@type":"ListItem","position":1,"name":"Accueil","item":"https:\/\/itachyon.ch\/tachyon-earth-switzerland\/ch\/fr\/"},{"@type":"ListItem","position":2,"name":"Logiciels professionnels en ligne"}]},{"@type":"WebSite","@id":"https:\/\/itachyon.ch\/tachyon-earth-switzerland\/ch\/fr\/#website","url":"https:\/\/itachyon.ch\/tachyon-earth-switzerland\/ch\/fr\/","name":"Tachyon - consulting - ai - logiciel - hardware - \u00e9lectronique - \u00e9nergie - g\u00e9othermie","description":"Physique appliqu\u00e9e","publisher":{"@id":"https:\/\/itachyon.ch\/tachyon-earth-switzerland\/ch\/fr\/#organization"},"potentialAction":[{"@type":"SearchAction","target":{"@type":"EntryPoint","urlTemplate":"https:\/\/itachyon.ch\/tachyon-earth-switzerland\/ch\/fr\/?s={search_term_string}"},"query-input":{"@type":"PropertyValueSpecification","valueRequired":true,"valueName":"search_term_string"}}],"inLanguage":"fr-FR"},{"@type":"Organization","@id":"https:\/\/itachyon.ch\/tachyon-earth-switzerland\/ch\/fr\/#organization","name":"Tachyon SL","url":"https:\/\/itachyon.ch\/tachyon-earth-switzerland\/ch\/fr\/","logo":{"@type":"ImageObject","inLanguage":"fr-FR","@id":"https:\/\/itachyon.ch\/tachyon-earth-switzerland\/ch\/fr\/#\/schema\/logo\/image\/","url":"https:\/\/itachyon.ch\/tachyon-earth-switzerland\/ch\/fr\/wp-content\/uploads\/2020\/05\/Tachyon-logo-7-BN.png","contentUrl":"https:\/\/itachyon.ch\/tachyon-earth-switzerland\/ch\/fr\/wp-content\/uploads\/2020\/05\/Tachyon-logo-7-BN.png","width":200,"height":326,"caption":"Tachyon SL"},"image":{"@id":"https:\/\/itachyon.ch\/tachyon-earth-switzerland\/ch\/fr\/#\/schema\/logo\/image\/"}}]}},"jetpack-related-posts":[],"jetpack_sharing_enabled":true,"_links":{"self":[{"href":"https:\/\/itachyon.ch\/tachyon-earth-switzerland\/ch\/fr\/wp-json\/wp\/v2\/pages\/2894","targetHints":{"allow":["GET"]}}],"collection":[{"href":"https:\/\/itachyon.ch\/tachyon-earth-switzerland\/ch\/fr\/wp-json\/wp\/v2\/pages"}],"about":[{"href":"https:\/\/itachyon.ch\/tachyon-earth-switzerland\/ch\/fr\/wp-json\/wp\/v2\/types\/page"}],"author":[{"embeddable":true,"href":"https:\/\/itachyon.ch\/tachyon-earth-switzerland\/ch\/fr\/wp-json\/wp\/v2\/users\/1"}],"replies":[{"embeddable":true,"href":"https:\/\/itachyon.ch\/tachyon-earth-switzerland\/ch\/fr\/wp-json\/wp\/v2\/comments?post=2894"}],"version-history":[{"count":19,"href":"https:\/\/itachyon.ch\/tachyon-earth-switzerland\/ch\/fr\/wp-json\/wp\/v2\/pages\/2894\/revisions"}],"predecessor-version":[{"id":2924,"href":"https:\/\/itachyon.ch\/tachyon-earth-switzerland\/ch\/fr\/wp-json\/wp\/v2\/pages\/2894\/revisions\/2924"}],"wp:attachment":[{"href":"https:\/\/itachyon.ch\/tachyon-earth-switzerland\/ch\/fr\/wp-json\/wp\/v2\/media?parent=2894"}],"curies":[{"name":"wp","href":"https:\/\/api.w.org\/{rel}","templated":true}]}}