{"id":2511,"date":"2020-10-24T07:10:15","date_gmt":"2020-10-24T05:10:15","guid":{"rendered":"https:\/\/itachyon.ch\/tachyon-earth-switzerland\/ch\/fr\/?page_id=2511"},"modified":"2021-11-24T10:38:35","modified_gmt":"2021-11-24T09:38:35","slug":"menu-1","status":"publish","type":"page","link":"https:\/\/itachyon.ch\/tachyon-earth-switzerland\/ch\/fr\/","title":{"rendered":""},"content":{"rendered":"<figure class=\"wp-block-gallery columns-4 is-cropped\">\n\t<ul class=\"blocks-gallery-grid\">\n\t\t<li class=\"blocks-gallery-item\">\n\t\t\t<figure>\n\t\t\t\t<a href=\"https:\/\/itachyon.ch\/tachyon-earth-switzerland\/ch\/fr\/services\/\">\n\t\t\t\t<img data-recalc-dims=\"1\" decoding=\"async\" src=\"https:\/\/i0.wp.com\/itachyon.ch\/tachyon-earth-switzerland\/ch\/fr\/wp-content\/uploads\/2021\/11\/services.jpg?w=1110&#038;ssl=1\" alt=\"\" data-id=\"2509\" data-full-url=\"https:\/\/itachyon.ch\/tachyon-earth-switzerland\/ch\/fr\/wp-content\/uploads\/2021\/11\/services.jpg\" data-link=\"https:\/\/itachyon.ch\/tachyon-earth-switzerland\/ch\/fr\/services-2\/\" class=\"wp-image-2509\">\n\t\t\t\t<\/a>\n\t\t\t<\/figure>\n\t\t<\/li>\n\t\t<li class=\"blocks-gallery-item\">\n\t\t\t<figure>\n\t\t\t\t<a href=\"https:\/\/itachyon.ch\/tachyon-earth-switzerland\/ch\/fr\/produits\/\">\n\t\t\t\t<img data-recalc-dims=\"1\" decoding=\"async\" src=\"https:\/\/i0.wp.com\/itachyon.ch\/tachyon-earth-switzerland\/ch\/fr\/wp-content\/uploads\/2021\/11\/produits.jpg?w=1110&#038;ssl=1\" alt=\"\" data-id=\"2510\" data-full-url=\"https:\/\/itachyon.ch\/tachyon-earth-switzerland\/ch\/fr\/wp-content\/uploads\/2021\/11\/produits.jpg\" data-link=\"https:\/\/itachyon.ch\/tachyon-earth-switzerland\/ch\/fr\/produits-2\/\" class=\"wp-image-2510\">\n\t\t\t\t<\/a>\n\t\t\t<\/figure>\n\t\t<\/li>\n\t\t<li class=\"blocks-gallery-item\">\n\t\t\t<figure>\n\t\t\t\t<a href=\"https:\/\/itachyon.ch\/tachyon-earth-switzerland\/ch\/fr\/realisation\/\">\n\t\t\t\t<img data-recalc-dims=\"1\" decoding=\"async\" src=\"https:\/\/i0.wp.com\/itachyon.ch\/tachyon-earth-switzerland\/ch\/fr\/wp-content\/uploads\/2021\/11\/realisations.jpg?w=1110&#038;ssl=1\" alt=\"\" data-id=\"2508\" data-full-url=\"https:\/\/itachyon.ch\/tachyon-earth-switzerland\/ch\/fr\/wp-content\/uploads\/2021\/11\/realisations.jpg\" data-link=\"https:\/\/itachyon.ch\/tachyon-earth-switzerland\/ch\/fr\/realisations-2\/\" class=\"wp-image-2508\">\n\t\t\t\t<\/a>\n\t\t\t<\/figure>\n\t\t<\/li>\n\t\t<li class=\"blocks-gallery-item\">\n\t\t\t<figure>\n\t\t\t\t<a href=\"https:\/\/itachyon.ch\/tachyon-earth-switzerland\/ch\/fr\/brochures-tachyon\/\">\n\t\t\t\t<img data-recalc-dims=\"1\" decoding=\"async\" src=\"https:\/\/i0.wp.com\/itachyon.ch\/tachyon-earth-switzerland\/ch\/fr\/wp-content\/uploads\/2021\/11\/brochures.jpg?w=1110&#038;ssl=1\" alt=\"\" data-id=\"2507\" data-full-url=\"https:\/\/itachyon.ch\/tachyon-earth-switzerland\/ch\/fr\/wp-content\/uploads\/2021\/11\/brochures.jpg\" data-link=\"https:\/\/itachyon.ch\/tachyon-earth-switzerland\/ch\/fr\/brochures-3\/\" class=\"wp-image-2507\">\n\t\t\t\t<\/a>\n\t\t\t<\/figure>\n\t\t<\/li>\n\t<\/ul>\n<\/figure><p><\/p>","protected":false},"excerpt":{"rendered":"","protected":false},"author":1,"featured_media":0,"parent":0,"menu_order":0,"comment_status":"closed","ping_status":"closed","template":"","meta":{"footnotes":""},"class_list":["post-2511","page","type-page","status-publish","hentry"],"yoast_head":"<!-- This site is optimized with the Yoast SEO plugin v24.8.1 - https:\/\/yoast.com\/wordpress\/plugins\/seo\/ -->\n<title>- Tachyon - consulting - ai - logiciel - hardware - \u00e9lectronique - \u00e9nergie - g\u00e9othermie<\/title>\n<meta name=\"description\" content=\"M\u00eame en \u00e9tant pionni\u00e8re en Suisse, l\u2019entreprise Tachyon SL est n\u00e9e et a son si\u00e8ge \u00e0 Alicante, Espagne, d\u2019o\u00f9 elle a pour objectif de servir d\u2019ambassadeur de la qualit\u00e9 technologique europ\u00e9enne Made in Spain et Made in Switzerland. Vision : impl\u00e9menter la physique appliqu\u00e9e, dans tous les proc\u00e9d\u00e9s et domaines industriels. Mission : innover, avec un objectif, augmenter consid\u00e9rablement l\u2019efficience et l\u2019efficacit\u00e9 de tous les processus industriels, en appliquant la physique (...)\" \/>\n<meta name=\"robots\" content=\"index, follow, max-snippet:-1, max-image-preview:large, max-video-preview:-1\" \/>\n<link rel=\"canonical\" href=\"https:\/\/itachyon.ch\/tachyon-earth-switzerland\/ch\/fr\/\" \/>\n<meta property=\"og:locale\" content=\"fr_FR\" \/>\n<meta property=\"og:type\" content=\"article\" \/>\n<meta property=\"og:title\" content=\"- Tachyon - consulting - ai - logiciel - hardware - \u00e9lectronique - \u00e9nergie - g\u00e9othermie\" \/>\n<meta property=\"og:description\" content=\"M\u00eame en \u00e9tant pionni\u00e8re en Suisse, l\u2019entreprise Tachyon SL est n\u00e9e et a son si\u00e8ge \u00e0 Alicante, Espagne, d\u2019o\u00f9 elle a pour objectif de servir d\u2019ambassadeur de la qualit\u00e9 technologique europ\u00e9enne Made in Spain et Made in Switzerland. Vision : impl\u00e9menter la physique appliqu\u00e9e, dans tous les proc\u00e9d\u00e9s et domaines industriels. Mission : innover, avec un objectif, augmenter consid\u00e9rablement l\u2019efficience et l\u2019efficacit\u00e9 de tous les processus industriels, en appliquant la physique (...)\" \/>\n<meta property=\"og:url\" content=\"https:\/\/itachyon.ch\/tachyon-earth-switzerland\/ch\/fr\/\" \/>\n<meta property=\"og:site_name\" content=\"Tachyon - consulting - ai - logiciel - hardware - \u00e9lectronique - \u00e9nergie - g\u00e9othermie\" \/>\n<meta property=\"article:modified_time\" content=\"2021-11-24T09:38:35+00:00\" \/>\n<meta property=\"og:image\" content=\"https:\/\/itachyon.ch\/tachyon-earth-switzerland\/ch\/fr\/wp-content\/uploads\/2021\/11\/services.jpg\" \/>\n<meta name=\"twitter:card\" content=\"summary_large_image\" \/>\n<meta name=\"twitter:label1\" content=\"Dur\u00e9e de lecture estim\u00e9e\" \/>\n\t<meta name=\"twitter:data1\" content=\"1 minute\" \/>\n<script type=\"application\/ld+json\" class=\"yoast-schema-graph\">{\"@context\":\"https:\/\/schema.org\",\"@graph\":[{\"@type\":\"WebPage\",\"@id\":\"https:\/\/itachyon.ch\/tachyon-earth-switzerland\/ch\/fr\/\",\"url\":\"https:\/\/itachyon.ch\/tachyon-earth-switzerland\/ch\/fr\/\",\"name\":\"- Tachyon - consulting - ai - logiciel - hardware - \u00e9lectronique - \u00e9nergie - g\u00e9othermie\",\"isPartOf\":{\"@id\":\"https:\/\/itachyon.ch\/tachyon-earth-switzerland\/ch\/fr\/#website\"},\"primaryImageOfPage\":{\"@id\":\"https:\/\/itachyon.ch\/tachyon-earth-switzerland\/ch\/fr\/#primaryimage\"},\"image\":{\"@id\":\"https:\/\/itachyon.ch\/tachyon-earth-switzerland\/ch\/fr\/#primaryimage\"},\"thumbnailUrl\":\"https:\/\/itachyon.ch\/tachyon-earth-switzerland\/ch\/fr\/wp-content\/uploads\/2021\/11\/services.jpg\",\"datePublished\":\"2020-10-24T05:10:15+00:00\",\"dateModified\":\"2021-11-24T09:38:35+00:00\",\"description\":\"M\u00eame en \u00e9tant pionni\u00e8re en Suisse, l\u2019entreprise Tachyon SL est n\u00e9e et a son si\u00e8ge \u00e0 Alicante, Espagne, d\u2019o\u00f9 elle a pour objectif de servir d\u2019ambassadeur de la qualit\u00e9 technologique europ\u00e9enne Made in Spain et Made in Switzerland. Vision : impl\u00e9menter la physique appliqu\u00e9e, dans tous les proc\u00e9d\u00e9s et domaines industriels. Mission : innover, avec un objectif, augmenter consid\u00e9rablement l\u2019efficience et l\u2019efficacit\u00e9 de tous les processus industriels, en appliquant la physique (...)\",\"inLanguage\":\"fr-FR\",\"potentialAction\":[{\"@type\":\"ReadAction\",\"target\":[\"https:\/\/itachyon.ch\/tachyon-earth-switzerland\/ch\/fr\/\"]}]},{\"@type\":\"ImageObject\",\"inLanguage\":\"fr-FR\",\"@id\":\"https:\/\/itachyon.ch\/tachyon-earth-switzerland\/ch\/fr\/#primaryimage\",\"url\":\"https:\/\/i0.wp.com\/itachyon.ch\/tachyon-earth-switzerland\/ch\/fr\/wp-content\/uploads\/2021\/11\/services.jpg?fit=740%2C990&ssl=1\",\"contentUrl\":\"https:\/\/i0.wp.com\/itachyon.ch\/tachyon-earth-switzerland\/ch\/fr\/wp-content\/uploads\/2021\/11\/services.jpg?fit=740%2C990&ssl=1\",\"width\":740,\"height\":990},{\"@type\":\"WebSite\",\"@id\":\"https:\/\/itachyon.ch\/tachyon-earth-switzerland\/ch\/fr\/#website\",\"url\":\"https:\/\/itachyon.ch\/tachyon-earth-switzerland\/ch\/fr\/\",\"name\":\"Tachyon - consulting - ai - logiciel - hardware - \u00e9lectronique - \u00e9nergie - g\u00e9othermie\",\"description\":\"Physique appliqu\u00e9e\",\"publisher\":{\"@id\":\"https:\/\/itachyon.ch\/tachyon-earth-switzerland\/ch\/fr\/#organization\"},\"potentialAction\":[{\"@type\":\"SearchAction\",\"target\":{\"@type\":\"EntryPoint\",\"urlTemplate\":\"https:\/\/itachyon.ch\/tachyon-earth-switzerland\/ch\/fr\/?s={search_term_string}\"},\"query-input\":{\"@type\":\"PropertyValueSpecification\",\"valueRequired\":true,\"valueName\":\"search_term_string\"}}],\"inLanguage\":\"fr-FR\"},{\"@type\":\"Organization\",\"@id\":\"https:\/\/itachyon.ch\/tachyon-earth-switzerland\/ch\/fr\/#organization\",\"name\":\"Tachyon SL\",\"url\":\"https:\/\/itachyon.ch\/tachyon-earth-switzerland\/ch\/fr\/\",\"logo\":{\"@type\":\"ImageObject\",\"inLanguage\":\"fr-FR\",\"@id\":\"https:\/\/itachyon.ch\/tachyon-earth-switzerland\/ch\/fr\/#\/schema\/logo\/image\/\",\"url\":\"https:\/\/itachyon.ch\/tachyon-earth-switzerland\/ch\/fr\/wp-content\/uploads\/2020\/05\/Tachyon-logo-7-BN.png\",\"contentUrl\":\"https:\/\/itachyon.ch\/tachyon-earth-switzerland\/ch\/fr\/wp-content\/uploads\/2020\/05\/Tachyon-logo-7-BN.png\",\"width\":200,\"height\":326,\"caption\":\"Tachyon SL\"},\"image\":{\"@id\":\"https:\/\/itachyon.ch\/tachyon-earth-switzerland\/ch\/fr\/#\/schema\/logo\/image\/\"}}]}<\/script>\n<!-- \/ Yoast SEO plugin. -->","yoast_head_json":{"title":"- Tachyon - consulting - ai - logiciel - hardware - \u00e9lectronique - \u00e9nergie - g\u00e9othermie","description":"M\u00eame en \u00e9tant pionni\u00e8re en Suisse, l\u2019entreprise Tachyon SL est n\u00e9e et a son si\u00e8ge \u00e0 Alicante, Espagne, d\u2019o\u00f9 elle a pour objectif de servir d\u2019ambassadeur de la qualit\u00e9 technologique europ\u00e9enne Made in Spain et Made in Switzerland. Vision : impl\u00e9menter la physique appliqu\u00e9e, dans tous les proc\u00e9d\u00e9s et domaines industriels. Mission : innover, avec un objectif, augmenter consid\u00e9rablement l\u2019efficience et l\u2019efficacit\u00e9 de tous les processus industriels, en appliquant la physique (...)","robots":{"index":"index","follow":"follow","max-snippet":"max-snippet:-1","max-image-preview":"max-image-preview:large","max-video-preview":"max-video-preview:-1"},"canonical":"https:\/\/itachyon.ch\/tachyon-earth-switzerland\/ch\/fr\/","og_locale":"fr_FR","og_type":"article","og_title":"- Tachyon - consulting - ai - logiciel - hardware - \u00e9lectronique - \u00e9nergie - g\u00e9othermie","og_description":"M\u00eame en \u00e9tant pionni\u00e8re en Suisse, l\u2019entreprise Tachyon SL est n\u00e9e et a son si\u00e8ge \u00e0 Alicante, Espagne, d\u2019o\u00f9 elle a pour objectif de servir d\u2019ambassadeur de la qualit\u00e9 technologique europ\u00e9enne Made in Spain et Made in Switzerland. Vision : impl\u00e9menter la physique appliqu\u00e9e, dans tous les proc\u00e9d\u00e9s et domaines industriels. Mission : innover, avec un objectif, augmenter consid\u00e9rablement l\u2019efficience et l\u2019efficacit\u00e9 de tous les processus industriels, en appliquant la physique (...)","og_url":"https:\/\/itachyon.ch\/tachyon-earth-switzerland\/ch\/fr\/","og_site_name":"Tachyon - consulting - ai - logiciel - hardware - \u00e9lectronique - \u00e9nergie - g\u00e9othermie","article_modified_time":"2021-11-24T09:38:35+00:00","og_image":[{"url":"https:\/\/itachyon.ch\/tachyon-earth-switzerland\/ch\/fr\/wp-content\/uploads\/2021\/11\/services.jpg","type":"","width":"","height":""}],"twitter_card":"summary_large_image","twitter_misc":{"Dur\u00e9e de lecture estim\u00e9e":"1 minute"},"schema":{"@context":"https:\/\/schema.org","@graph":[{"@type":"WebPage","@id":"https:\/\/itachyon.ch\/tachyon-earth-switzerland\/ch\/fr\/","url":"https:\/\/itachyon.ch\/tachyon-earth-switzerland\/ch\/fr\/","name":"- Tachyon - consulting - ai - logiciel - hardware - \u00e9lectronique - \u00e9nergie - g\u00e9othermie","isPartOf":{"@id":"https:\/\/itachyon.ch\/tachyon-earth-switzerland\/ch\/fr\/#website"},"primaryImageOfPage":{"@id":"https:\/\/itachyon.ch\/tachyon-earth-switzerland\/ch\/fr\/#primaryimage"},"image":{"@id":"https:\/\/itachyon.ch\/tachyon-earth-switzerland\/ch\/fr\/#primaryimage"},"thumbnailUrl":"https:\/\/itachyon.ch\/tachyon-earth-switzerland\/ch\/fr\/wp-content\/uploads\/2021\/11\/services.jpg","datePublished":"2020-10-24T05:10:15+00:00","dateModified":"2021-11-24T09:38:35+00:00","description":"M\u00eame en \u00e9tant pionni\u00e8re en Suisse, l\u2019entreprise Tachyon SL est n\u00e9e et a son si\u00e8ge \u00e0 Alicante, Espagne, d\u2019o\u00f9 elle a pour objectif de servir d\u2019ambassadeur de la qualit\u00e9 technologique europ\u00e9enne Made in Spain et Made in Switzerland. Vision : impl\u00e9menter la physique appliqu\u00e9e, dans tous les proc\u00e9d\u00e9s et domaines industriels. Mission : innover, avec un objectif, augmenter consid\u00e9rablement l\u2019efficience et l\u2019efficacit\u00e9 de tous les processus industriels, en appliquant la physique (...)","inLanguage":"fr-FR","potentialAction":[{"@type":"ReadAction","target":["https:\/\/itachyon.ch\/tachyon-earth-switzerland\/ch\/fr\/"]}]},{"@type":"ImageObject","inLanguage":"fr-FR","@id":"https:\/\/itachyon.ch\/tachyon-earth-switzerland\/ch\/fr\/#primaryimage","url":"https:\/\/i0.wp.com\/itachyon.ch\/tachyon-earth-switzerland\/ch\/fr\/wp-content\/uploads\/2021\/11\/services.jpg?fit=740%2C990&ssl=1","contentUrl":"https:\/\/i0.wp.com\/itachyon.ch\/tachyon-earth-switzerland\/ch\/fr\/wp-content\/uploads\/2021\/11\/services.jpg?fit=740%2C990&ssl=1","width":740,"height":990},{"@type":"WebSite","@id":"https:\/\/itachyon.ch\/tachyon-earth-switzerland\/ch\/fr\/#website","url":"https:\/\/itachyon.ch\/tachyon-earth-switzerland\/ch\/fr\/","name":"Tachyon - consulting - ai - logiciel - hardware - \u00e9lectronique - \u00e9nergie - g\u00e9othermie","description":"Physique appliqu\u00e9e","publisher":{"@id":"https:\/\/itachyon.ch\/tachyon-earth-switzerland\/ch\/fr\/#organization"},"potentialAction":[{"@type":"SearchAction","target":{"@type":"EntryPoint","urlTemplate":"https:\/\/itachyon.ch\/tachyon-earth-switzerland\/ch\/fr\/?s={search_term_string}"},"query-input":{"@type":"PropertyValueSpecification","valueRequired":true,"valueName":"search_term_string"}}],"inLanguage":"fr-FR"},{"@type":"Organization","@id":"https:\/\/itachyon.ch\/tachyon-earth-switzerland\/ch\/fr\/#organization","name":"Tachyon SL","url":"https:\/\/itachyon.ch\/tachyon-earth-switzerland\/ch\/fr\/","logo":{"@type":"ImageObject","inLanguage":"fr-FR","@id":"https:\/\/itachyon.ch\/tachyon-earth-switzerland\/ch\/fr\/#\/schema\/logo\/image\/","url":"https:\/\/itachyon.ch\/tachyon-earth-switzerland\/ch\/fr\/wp-content\/uploads\/2020\/05\/Tachyon-logo-7-BN.png","contentUrl":"https:\/\/itachyon.ch\/tachyon-earth-switzerland\/ch\/fr\/wp-content\/uploads\/2020\/05\/Tachyon-logo-7-BN.png","width":200,"height":326,"caption":"Tachyon SL"},"image":{"@id":"https:\/\/itachyon.ch\/tachyon-earth-switzerland\/ch\/fr\/#\/schema\/logo\/image\/"}}]}},"jetpack-related-posts":[],"jetpack_sharing_enabled":true,"_links":{"self":[{"href":"https:\/\/itachyon.ch\/tachyon-earth-switzerland\/ch\/fr\/wp-json\/wp\/v2\/pages\/2511","targetHints":{"allow":["GET"]}}],"collection":[{"href":"https:\/\/itachyon.ch\/tachyon-earth-switzerland\/ch\/fr\/wp-json\/wp\/v2\/pages"}],"about":[{"href":"https:\/\/itachyon.ch\/tachyon-earth-switzerland\/ch\/fr\/wp-json\/wp\/v2\/types\/page"}],"author":[{"embeddable":true,"href":"https:\/\/itachyon.ch\/tachyon-earth-switzerland\/ch\/fr\/wp-json\/wp\/v2\/users\/1"}],"replies":[{"embeddable":true,"href":"https:\/\/itachyon.ch\/tachyon-earth-switzerland\/ch\/fr\/wp-json\/wp\/v2\/comments?post=2511"}],"version-history":[{"count":21,"href":"https:\/\/itachyon.ch\/tachyon-earth-switzerland\/ch\/fr\/wp-json\/wp\/v2\/pages\/2511\/revisions"}],"predecessor-version":[{"id":3777,"href":"https:\/\/itachyon.ch\/tachyon-earth-switzerland\/ch\/fr\/wp-json\/wp\/v2\/pages\/2511\/revisions\/3777"}],"wp:attachment":[{"href":"https:\/\/itachyon.ch\/tachyon-earth-switzerland\/ch\/fr\/wp-json\/wp\/v2\/media?parent=2511"}],"curies":[{"name":"wp","href":"https:\/\/api.w.org\/{rel}","templated":true}]}}