{"id":2021,"date":"2020-07-29T19:52:08","date_gmt":"2020-07-29T17:52:08","guid":{"rendered":"https:\/\/itachyon.ch\/tachyon-earth-switzerland\/ch\/fr\/?page_id=2021"},"modified":"2020-07-29T20:01:35","modified_gmt":"2020-07-29T18:01:35","slug":"carte-de-nos-realisations-en-suisse","status":"publish","type":"page","link":"https:\/\/itachyon.ch\/tachyon-earth-switzerland\/ch\/fr\/carte-de-nos-realisations-en-suisse\/","title":{"rendered":"R\u00e9alisations en Suisse"},"content":{"rendered":"<style type=\"text\/css\" id=\"umsMapStyles_1_82231\">\r\n    #ultimate_maps_1_82231 {\r\n        width: 100%;\r\n        height: 400px;\r\n                border: 0px solid ;\r\n        margin: 0px;\r\n    }\r\n    #mapsControlsNum_1_82231 {\r\n        width:100%    }\r\n    .umsMapDetailsContainer#umsMapDetailsContainer_1_82231 {\r\n        height:400px;\r\n    }\r\n    .ums_MapPreview#ultimate_maps_1_82231 {\r\n        \/*position:absolute;*\/\r\n        width:100%;\r\n    }\r\n    #mapConElem_1_82231{\r\n        width:100%    }\r\n    <\/style><div class=\"ums_map_opts\" id=\"mapConElem_1_82231\" data-id=\"1\" data-view-id=\"1_82231\" > <div class=\"umsMapDetailsContainer\" id=\"umsMapDetailsContainer_1_82231\"> <i class=\"umsKMLLayersPreloader fa fa-spinner fa-spin\" aria-hidden=\"true\" style=\"display: none;\"><\/i> <div class=\"ums_MapPreview \" id=\"ultimate_maps_1_82231\"><\/div> <\/div> <div class=\"umsMapMarkerFilters\" id=\"umsMapMarkerFilters_1_82231\"> <\/div> <div class=\"umsMapProControlsCon\" id=\"umsMapProControlsCon_1_82231\"> <a title=\"WordPress Google Maps Plugin\" style=\"display:none;\" href=\"https:\/\/supsystic.com\/plugins\/google-maps-plugin\/?utm_medium=love_link_hide\" target=\"_blank\">WordPress Google Maps Plugin<\/a><div style=\"clear: both;\"><\/div> <\/div> <div class=\"umsMapProDirectionsCon\" id=\"umsMapProDirectionsCon_1_82231\" > <\/div> <div class=\"umsMapProKmlFilterCon\" id=\"umsMapProKmlFilterCon_1_82231\" > <\/div> <div class=\"umsSocialSharingShell umsSocialSharingShell_1_82231\"> <\/div> <div style=\"clear: both;\"><\/div> <\/div>","protected":false},"excerpt":{"rendered":"","protected":false},"author":1,"featured_media":0,"parent":0,"menu_order":0,"comment_status":"closed","ping_status":"closed","template":"","meta":{"footnotes":""},"class_list":["post-2021","page","type-page","status-publish","hentry"],"yoast_head":"<!-- This site is optimized with the Yoast SEO plugin v24.8.1 - https:\/\/yoast.com\/wordpress\/plugins\/seo\/ -->\n<title>R\u00e9alisations en Suisse - Tachyon - consulting - ai - logiciel - hardware - \u00e9lectronique - \u00e9nergie - g\u00e9othermie<\/title>\n<meta name=\"robots\" content=\"index, follow, max-snippet:-1, max-image-preview:large, max-video-preview:-1\" \/>\n<link rel=\"canonical\" href=\"https:\/\/itachyon.ch\/tachyon-earth-switzerland\/ch\/fr\/carte-de-nos-realisations-en-suisse\/\" \/>\n<meta property=\"og:locale\" content=\"fr_FR\" \/>\n<meta property=\"og:type\" content=\"article\" \/>\n<meta property=\"og:title\" content=\"R\u00e9alisations en Suisse - Tachyon - consulting - ai - logiciel - hardware - \u00e9lectronique - \u00e9nergie - g\u00e9othermie\" \/>\n<meta property=\"og:url\" content=\"https:\/\/itachyon.ch\/tachyon-earth-switzerland\/ch\/fr\/carte-de-nos-realisations-en-suisse\/\" \/>\n<meta property=\"og:site_name\" content=\"Tachyon - consulting - ai - logiciel - hardware - \u00e9lectronique - \u00e9nergie - g\u00e9othermie\" \/>\n<meta property=\"article:modified_time\" content=\"2020-07-29T18:01:35+00:00\" \/>\n<meta name=\"twitter:card\" content=\"summary_large_image\" \/>\n<script type=\"application\/ld+json\" class=\"yoast-schema-graph\">{\"@context\":\"https:\/\/schema.org\",\"@graph\":[{\"@type\":\"WebPage\",\"@id\":\"https:\/\/itachyon.ch\/tachyon-earth-switzerland\/ch\/fr\/carte-de-nos-realisations-en-suisse\/\",\"url\":\"https:\/\/itachyon.ch\/tachyon-earth-switzerland\/ch\/fr\/carte-de-nos-realisations-en-suisse\/\",\"name\":\"R\u00e9alisations en Suisse - Tachyon - consulting - ai - logiciel - hardware - \u00e9lectronique - \u00e9nergie - g\u00e9othermie\",\"isPartOf\":{\"@id\":\"https:\/\/itachyon.ch\/tachyon-earth-switzerland\/ch\/fr\/#website\"},\"datePublished\":\"2020-07-29T17:52:08+00:00\",\"dateModified\":\"2020-07-29T18:01:35+00:00\",\"breadcrumb\":{\"@id\":\"https:\/\/itachyon.ch\/tachyon-earth-switzerland\/ch\/fr\/carte-de-nos-realisations-en-suisse\/#breadcrumb\"},\"inLanguage\":\"fr-FR\",\"potentialAction\":[{\"@type\":\"ReadAction\",\"target\":[\"https:\/\/itachyon.ch\/tachyon-earth-switzerland\/ch\/fr\/carte-de-nos-realisations-en-suisse\/\"]}]},{\"@type\":\"BreadcrumbList\",\"@id\":\"https:\/\/itachyon.ch\/tachyon-earth-switzerland\/ch\/fr\/carte-de-nos-realisations-en-suisse\/#breadcrumb\",\"itemListElement\":[{\"@type\":\"ListItem\",\"position\":1,\"name\":\"Accueil\",\"item\":\"https:\/\/itachyon.ch\/tachyon-earth-switzerland\/ch\/fr\/\"},{\"@type\":\"ListItem\",\"position\":2,\"name\":\"R\u00e9alisations en Suisse\"}]},{\"@type\":\"WebSite\",\"@id\":\"https:\/\/itachyon.ch\/tachyon-earth-switzerland\/ch\/fr\/#website\",\"url\":\"https:\/\/itachyon.ch\/tachyon-earth-switzerland\/ch\/fr\/\",\"name\":\"Tachyon - consulting - ai - logiciel - hardware - \u00e9lectronique - \u00e9nergie - g\u00e9othermie\",\"description\":\"Physique appliqu\u00e9e\",\"publisher\":{\"@id\":\"https:\/\/itachyon.ch\/tachyon-earth-switzerland\/ch\/fr\/#organization\"},\"potentialAction\":[{\"@type\":\"SearchAction\",\"target\":{\"@type\":\"EntryPoint\",\"urlTemplate\":\"https:\/\/itachyon.ch\/tachyon-earth-switzerland\/ch\/fr\/?s={search_term_string}\"},\"query-input\":{\"@type\":\"PropertyValueSpecification\",\"valueRequired\":true,\"valueName\":\"search_term_string\"}}],\"inLanguage\":\"fr-FR\"},{\"@type\":\"Organization\",\"@id\":\"https:\/\/itachyon.ch\/tachyon-earth-switzerland\/ch\/fr\/#organization\",\"name\":\"Tachyon SL\",\"url\":\"https:\/\/itachyon.ch\/tachyon-earth-switzerland\/ch\/fr\/\",\"logo\":{\"@type\":\"ImageObject\",\"inLanguage\":\"fr-FR\",\"@id\":\"https:\/\/itachyon.ch\/tachyon-earth-switzerland\/ch\/fr\/#\/schema\/logo\/image\/\",\"url\":\"https:\/\/itachyon.ch\/tachyon-earth-switzerland\/ch\/fr\/wp-content\/uploads\/2020\/05\/Tachyon-logo-7-BN.png\",\"contentUrl\":\"https:\/\/itachyon.ch\/tachyon-earth-switzerland\/ch\/fr\/wp-content\/uploads\/2020\/05\/Tachyon-logo-7-BN.png\",\"width\":200,\"height\":326,\"caption\":\"Tachyon SL\"},\"image\":{\"@id\":\"https:\/\/itachyon.ch\/tachyon-earth-switzerland\/ch\/fr\/#\/schema\/logo\/image\/\"}}]}<\/script>\n<!-- \/ Yoast SEO plugin. -->","yoast_head_json":{"title":"R\u00e9alisations en Suisse - Tachyon - consulting - ai - logiciel - hardware - \u00e9lectronique - \u00e9nergie - g\u00e9othermie","robots":{"index":"index","follow":"follow","max-snippet":"max-snippet:-1","max-image-preview":"max-image-preview:large","max-video-preview":"max-video-preview:-1"},"canonical":"https:\/\/itachyon.ch\/tachyon-earth-switzerland\/ch\/fr\/carte-de-nos-realisations-en-suisse\/","og_locale":"fr_FR","og_type":"article","og_title":"R\u00e9alisations en Suisse - Tachyon - consulting - ai - logiciel - hardware - \u00e9lectronique - \u00e9nergie - g\u00e9othermie","og_url":"https:\/\/itachyon.ch\/tachyon-earth-switzerland\/ch\/fr\/carte-de-nos-realisations-en-suisse\/","og_site_name":"Tachyon - consulting - ai - logiciel - hardware - \u00e9lectronique - \u00e9nergie - g\u00e9othermie","article_modified_time":"2020-07-29T18:01:35+00:00","twitter_card":"summary_large_image","schema":{"@context":"https:\/\/schema.org","@graph":[{"@type":"WebPage","@id":"https:\/\/itachyon.ch\/tachyon-earth-switzerland\/ch\/fr\/carte-de-nos-realisations-en-suisse\/","url":"https:\/\/itachyon.ch\/tachyon-earth-switzerland\/ch\/fr\/carte-de-nos-realisations-en-suisse\/","name":"R\u00e9alisations en Suisse - Tachyon - consulting - ai - logiciel - hardware - \u00e9lectronique - \u00e9nergie - g\u00e9othermie","isPartOf":{"@id":"https:\/\/itachyon.ch\/tachyon-earth-switzerland\/ch\/fr\/#website"},"datePublished":"2020-07-29T17:52:08+00:00","dateModified":"2020-07-29T18:01:35+00:00","breadcrumb":{"@id":"https:\/\/itachyon.ch\/tachyon-earth-switzerland\/ch\/fr\/carte-de-nos-realisations-en-suisse\/#breadcrumb"},"inLanguage":"fr-FR","potentialAction":[{"@type":"ReadAction","target":["https:\/\/itachyon.ch\/tachyon-earth-switzerland\/ch\/fr\/carte-de-nos-realisations-en-suisse\/"]}]},{"@type":"BreadcrumbList","@id":"https:\/\/itachyon.ch\/tachyon-earth-switzerland\/ch\/fr\/carte-de-nos-realisations-en-suisse\/#breadcrumb","itemListElement":[{"@type":"ListItem","position":1,"name":"Accueil","item":"https:\/\/itachyon.ch\/tachyon-earth-switzerland\/ch\/fr\/"},{"@type":"ListItem","position":2,"name":"R\u00e9alisations en Suisse"}]},{"@type":"WebSite","@id":"https:\/\/itachyon.ch\/tachyon-earth-switzerland\/ch\/fr\/#website","url":"https:\/\/itachyon.ch\/tachyon-earth-switzerland\/ch\/fr\/","name":"Tachyon - consulting - ai - logiciel - hardware - \u00e9lectronique - \u00e9nergie - g\u00e9othermie","description":"Physique appliqu\u00e9e","publisher":{"@id":"https:\/\/itachyon.ch\/tachyon-earth-switzerland\/ch\/fr\/#organization"},"potentialAction":[{"@type":"SearchAction","target":{"@type":"EntryPoint","urlTemplate":"https:\/\/itachyon.ch\/tachyon-earth-switzerland\/ch\/fr\/?s={search_term_string}"},"query-input":{"@type":"PropertyValueSpecification","valueRequired":true,"valueName":"search_term_string"}}],"inLanguage":"fr-FR"},{"@type":"Organization","@id":"https:\/\/itachyon.ch\/tachyon-earth-switzerland\/ch\/fr\/#organization","name":"Tachyon SL","url":"https:\/\/itachyon.ch\/tachyon-earth-switzerland\/ch\/fr\/","logo":{"@type":"ImageObject","inLanguage":"fr-FR","@id":"https:\/\/itachyon.ch\/tachyon-earth-switzerland\/ch\/fr\/#\/schema\/logo\/image\/","url":"https:\/\/itachyon.ch\/tachyon-earth-switzerland\/ch\/fr\/wp-content\/uploads\/2020\/05\/Tachyon-logo-7-BN.png","contentUrl":"https:\/\/itachyon.ch\/tachyon-earth-switzerland\/ch\/fr\/wp-content\/uploads\/2020\/05\/Tachyon-logo-7-BN.png","width":200,"height":326,"caption":"Tachyon SL"},"image":{"@id":"https:\/\/itachyon.ch\/tachyon-earth-switzerland\/ch\/fr\/#\/schema\/logo\/image\/"}}]}},"jetpack-related-posts":[],"jetpack_sharing_enabled":true,"_links":{"self":[{"href":"https:\/\/itachyon.ch\/tachyon-earth-switzerland\/ch\/fr\/wp-json\/wp\/v2\/pages\/2021","targetHints":{"allow":["GET"]}}],"collection":[{"href":"https:\/\/itachyon.ch\/tachyon-earth-switzerland\/ch\/fr\/wp-json\/wp\/v2\/pages"}],"about":[{"href":"https:\/\/itachyon.ch\/tachyon-earth-switzerland\/ch\/fr\/wp-json\/wp\/v2\/types\/page"}],"author":[{"embeddable":true,"href":"https:\/\/itachyon.ch\/tachyon-earth-switzerland\/ch\/fr\/wp-json\/wp\/v2\/users\/1"}],"replies":[{"embeddable":true,"href":"https:\/\/itachyon.ch\/tachyon-earth-switzerland\/ch\/fr\/wp-json\/wp\/v2\/comments?post=2021"}],"version-history":[{"count":3,"href":"https:\/\/itachyon.ch\/tachyon-earth-switzerland\/ch\/fr\/wp-json\/wp\/v2\/pages\/2021\/revisions"}],"predecessor-version":[{"id":2026,"href":"https:\/\/itachyon.ch\/tachyon-earth-switzerland\/ch\/fr\/wp-json\/wp\/v2\/pages\/2021\/revisions\/2026"}],"wp:attachment":[{"href":"https:\/\/itachyon.ch\/tachyon-earth-switzerland\/ch\/fr\/wp-json\/wp\/v2\/media?parent=2021"}],"curies":[{"name":"wp","href":"https:\/\/api.w.org\/{rel}","templated":true}]}}