{"id":1910,"date":"2020-06-29T09:21:35","date_gmt":"2020-06-29T07:21:35","guid":{"rendered":"https:\/\/itachyon.ch\/tachyon-earth-switzerland\/ch\/fr\/?page_id=1910"},"modified":"2023-05-26T11:16:28","modified_gmt":"2023-05-26T09:16:28","slug":"contacto","status":"publish","type":"page","link":"https:\/\/itachyon.ch\/tachyon-earth-switzerland\/ch\/fr\/contacto\/","title":{"rendered":"Contact"},"content":{"rendered":"<p>+41 76 607 17 67<\/p><p>info@itachyon.ch<\/p>","protected":false},"excerpt":{"rendered":"<p>+41 76 607 17 67 info@itachyon.ch<\/p>\n","protected":false},"author":1,"featured_media":0,"parent":0,"menu_order":0,"comment_status":"closed","ping_status":"closed","template":"","meta":{"footnotes":""},"class_list":["post-1910","page","type-page","status-publish","hentry"],"yoast_head":"<!-- This site is optimized with the Yoast SEO plugin v24.8.1 - https:\/\/yoast.com\/wordpress\/plugins\/seo\/ -->\n<title>Contact - Tachyon - consulting - ai - logiciel - hardware - \u00e9lectronique - \u00e9nergie - g\u00e9othermie<\/title>\n<meta name=\"robots\" content=\"index, follow, max-snippet:-1, max-image-preview:large, max-video-preview:-1\" \/>\n<link rel=\"canonical\" href=\"https:\/\/itachyon.ch\/tachyon-earth-switzerland\/ch\/fr\/contacto\/\" \/>\n<meta property=\"og:locale\" content=\"fr_FR\" \/>\n<meta property=\"og:type\" content=\"article\" \/>\n<meta property=\"og:title\" content=\"Contact - Tachyon - consulting - ai - logiciel - hardware - \u00e9lectronique - \u00e9nergie - g\u00e9othermie\" \/>\n<meta property=\"og:description\" content=\"+41 76 607 17 67 info@itachyon.ch\" \/>\n<meta property=\"og:url\" content=\"https:\/\/itachyon.ch\/tachyon-earth-switzerland\/ch\/fr\/contacto\/\" \/>\n<meta property=\"og:site_name\" content=\"Tachyon - consulting - ai - logiciel - hardware - \u00e9lectronique - \u00e9nergie - g\u00e9othermie\" \/>\n<meta property=\"article:modified_time\" content=\"2023-05-26T09:16:28+00:00\" \/>\n<meta name=\"twitter:card\" content=\"summary_large_image\" \/>\n<meta name=\"twitter:label1\" content=\"Dur\u00e9e de lecture estim\u00e9e\" \/>\n\t<meta name=\"twitter:data1\" content=\"1 minute\" \/>\n<script type=\"application\/ld+json\" class=\"yoast-schema-graph\">{\"@context\":\"https:\/\/schema.org\",\"@graph\":[{\"@type\":\"WebPage\",\"@id\":\"https:\/\/itachyon.ch\/tachyon-earth-switzerland\/ch\/fr\/contacto\/\",\"url\":\"https:\/\/itachyon.ch\/tachyon-earth-switzerland\/ch\/fr\/contacto\/\",\"name\":\"Contact - Tachyon - consulting - ai - logiciel - hardware - \u00e9lectronique - \u00e9nergie - g\u00e9othermie\",\"isPartOf\":{\"@id\":\"https:\/\/itachyon.ch\/tachyon-earth-switzerland\/ch\/fr\/#website\"},\"datePublished\":\"2020-06-29T07:21:35+00:00\",\"dateModified\":\"2023-05-26T09:16:28+00:00\",\"breadcrumb\":{\"@id\":\"https:\/\/itachyon.ch\/tachyon-earth-switzerland\/ch\/fr\/contacto\/#breadcrumb\"},\"inLanguage\":\"fr-FR\",\"potentialAction\":[{\"@type\":\"ReadAction\",\"target\":[\"https:\/\/itachyon.ch\/tachyon-earth-switzerland\/ch\/fr\/contacto\/\"]}]},{\"@type\":\"BreadcrumbList\",\"@id\":\"https:\/\/itachyon.ch\/tachyon-earth-switzerland\/ch\/fr\/contacto\/#breadcrumb\",\"itemListElement\":[{\"@type\":\"ListItem\",\"position\":1,\"name\":\"Accueil\",\"item\":\"https:\/\/itachyon.ch\/tachyon-earth-switzerland\/ch\/fr\/\"},{\"@type\":\"ListItem\",\"position\":2,\"name\":\"Contact\"}]},{\"@type\":\"WebSite\",\"@id\":\"https:\/\/itachyon.ch\/tachyon-earth-switzerland\/ch\/fr\/#website\",\"url\":\"https:\/\/itachyon.ch\/tachyon-earth-switzerland\/ch\/fr\/\",\"name\":\"Tachyon - consulting - ai - logiciel - hardware - \u00e9lectronique - \u00e9nergie - g\u00e9othermie\",\"description\":\"Physique appliqu\u00e9e\",\"publisher\":{\"@id\":\"https:\/\/itachyon.ch\/tachyon-earth-switzerland\/ch\/fr\/#organization\"},\"potentialAction\":[{\"@type\":\"SearchAction\",\"target\":{\"@type\":\"EntryPoint\",\"urlTemplate\":\"https:\/\/itachyon.ch\/tachyon-earth-switzerland\/ch\/fr\/?s={search_term_string}\"},\"query-input\":{\"@type\":\"PropertyValueSpecification\",\"valueRequired\":true,\"valueName\":\"search_term_string\"}}],\"inLanguage\":\"fr-FR\"},{\"@type\":\"Organization\",\"@id\":\"https:\/\/itachyon.ch\/tachyon-earth-switzerland\/ch\/fr\/#organization\",\"name\":\"Tachyon SL\",\"url\":\"https:\/\/itachyon.ch\/tachyon-earth-switzerland\/ch\/fr\/\",\"logo\":{\"@type\":\"ImageObject\",\"inLanguage\":\"fr-FR\",\"@id\":\"https:\/\/itachyon.ch\/tachyon-earth-switzerland\/ch\/fr\/#\/schema\/logo\/image\/\",\"url\":\"https:\/\/itachyon.ch\/tachyon-earth-switzerland\/ch\/fr\/wp-content\/uploads\/2020\/05\/Tachyon-logo-7-BN.png\",\"contentUrl\":\"https:\/\/itachyon.ch\/tachyon-earth-switzerland\/ch\/fr\/wp-content\/uploads\/2020\/05\/Tachyon-logo-7-BN.png\",\"width\":200,\"height\":326,\"caption\":\"Tachyon SL\"},\"image\":{\"@id\":\"https:\/\/itachyon.ch\/tachyon-earth-switzerland\/ch\/fr\/#\/schema\/logo\/image\/\"}}]}<\/script>\n<!-- \/ Yoast SEO plugin. -->","yoast_head_json":{"title":"Contact - Tachyon - consulting - ai - logiciel - hardware - \u00e9lectronique - \u00e9nergie - g\u00e9othermie","robots":{"index":"index","follow":"follow","max-snippet":"max-snippet:-1","max-image-preview":"max-image-preview:large","max-video-preview":"max-video-preview:-1"},"canonical":"https:\/\/itachyon.ch\/tachyon-earth-switzerland\/ch\/fr\/contacto\/","og_locale":"fr_FR","og_type":"article","og_title":"Contact - Tachyon - consulting - ai - logiciel - hardware - \u00e9lectronique - \u00e9nergie - g\u00e9othermie","og_description":"+41 76 607 17 67 info@itachyon.ch","og_url":"https:\/\/itachyon.ch\/tachyon-earth-switzerland\/ch\/fr\/contacto\/","og_site_name":"Tachyon - consulting - ai - logiciel - hardware - \u00e9lectronique - \u00e9nergie - g\u00e9othermie","article_modified_time":"2023-05-26T09:16:28+00:00","twitter_card":"summary_large_image","twitter_misc":{"Dur\u00e9e de lecture estim\u00e9e":"1 minute"},"schema":{"@context":"https:\/\/schema.org","@graph":[{"@type":"WebPage","@id":"https:\/\/itachyon.ch\/tachyon-earth-switzerland\/ch\/fr\/contacto\/","url":"https:\/\/itachyon.ch\/tachyon-earth-switzerland\/ch\/fr\/contacto\/","name":"Contact - Tachyon - consulting - ai - logiciel - hardware - \u00e9lectronique - \u00e9nergie - g\u00e9othermie","isPartOf":{"@id":"https:\/\/itachyon.ch\/tachyon-earth-switzerland\/ch\/fr\/#website"},"datePublished":"2020-06-29T07:21:35+00:00","dateModified":"2023-05-26T09:16:28+00:00","breadcrumb":{"@id":"https:\/\/itachyon.ch\/tachyon-earth-switzerland\/ch\/fr\/contacto\/#breadcrumb"},"inLanguage":"fr-FR","potentialAction":[{"@type":"ReadAction","target":["https:\/\/itachyon.ch\/tachyon-earth-switzerland\/ch\/fr\/contacto\/"]}]},{"@type":"BreadcrumbList","@id":"https:\/\/itachyon.ch\/tachyon-earth-switzerland\/ch\/fr\/contacto\/#breadcrumb","itemListElement":[{"@type":"ListItem","position":1,"name":"Accueil","item":"https:\/\/itachyon.ch\/tachyon-earth-switzerland\/ch\/fr\/"},{"@type":"ListItem","position":2,"name":"Contact"}]},{"@type":"WebSite","@id":"https:\/\/itachyon.ch\/tachyon-earth-switzerland\/ch\/fr\/#website","url":"https:\/\/itachyon.ch\/tachyon-earth-switzerland\/ch\/fr\/","name":"Tachyon - consulting - ai - logiciel - hardware - \u00e9lectronique - \u00e9nergie - g\u00e9othermie","description":"Physique appliqu\u00e9e","publisher":{"@id":"https:\/\/itachyon.ch\/tachyon-earth-switzerland\/ch\/fr\/#organization"},"potentialAction":[{"@type":"SearchAction","target":{"@type":"EntryPoint","urlTemplate":"https:\/\/itachyon.ch\/tachyon-earth-switzerland\/ch\/fr\/?s={search_term_string}"},"query-input":{"@type":"PropertyValueSpecification","valueRequired":true,"valueName":"search_term_string"}}],"inLanguage":"fr-FR"},{"@type":"Organization","@id":"https:\/\/itachyon.ch\/tachyon-earth-switzerland\/ch\/fr\/#organization","name":"Tachyon SL","url":"https:\/\/itachyon.ch\/tachyon-earth-switzerland\/ch\/fr\/","logo":{"@type":"ImageObject","inLanguage":"fr-FR","@id":"https:\/\/itachyon.ch\/tachyon-earth-switzerland\/ch\/fr\/#\/schema\/logo\/image\/","url":"https:\/\/itachyon.ch\/tachyon-earth-switzerland\/ch\/fr\/wp-content\/uploads\/2020\/05\/Tachyon-logo-7-BN.png","contentUrl":"https:\/\/itachyon.ch\/tachyon-earth-switzerland\/ch\/fr\/wp-content\/uploads\/2020\/05\/Tachyon-logo-7-BN.png","width":200,"height":326,"caption":"Tachyon SL"},"image":{"@id":"https:\/\/itachyon.ch\/tachyon-earth-switzerland\/ch\/fr\/#\/schema\/logo\/image\/"}}]}},"jetpack-related-posts":[],"jetpack_sharing_enabled":true,"_links":{"self":[{"href":"https:\/\/itachyon.ch\/tachyon-earth-switzerland\/ch\/fr\/wp-json\/wp\/v2\/pages\/1910","targetHints":{"allow":["GET"]}}],"collection":[{"href":"https:\/\/itachyon.ch\/tachyon-earth-switzerland\/ch\/fr\/wp-json\/wp\/v2\/pages"}],"about":[{"href":"https:\/\/itachyon.ch\/tachyon-earth-switzerland\/ch\/fr\/wp-json\/wp\/v2\/types\/page"}],"author":[{"embeddable":true,"href":"https:\/\/itachyon.ch\/tachyon-earth-switzerland\/ch\/fr\/wp-json\/wp\/v2\/users\/1"}],"replies":[{"embeddable":true,"href":"https:\/\/itachyon.ch\/tachyon-earth-switzerland\/ch\/fr\/wp-json\/wp\/v2\/comments?post=1910"}],"version-history":[{"count":16,"href":"https:\/\/itachyon.ch\/tachyon-earth-switzerland\/ch\/fr\/wp-json\/wp\/v2\/pages\/1910\/revisions"}],"predecessor-version":[{"id":4490,"href":"https:\/\/itachyon.ch\/tachyon-earth-switzerland\/ch\/fr\/wp-json\/wp\/v2\/pages\/1910\/revisions\/4490"}],"wp:attachment":[{"href":"https:\/\/itachyon.ch\/tachyon-earth-switzerland\/ch\/fr\/wp-json\/wp\/v2\/media?parent=1910"}],"curies":[{"name":"wp","href":"https:\/\/api.w.org\/{rel}","templated":true}]}}